{"id":2067,"date":"2025-11-14T14:53:44","date_gmt":"2025-11-14T13:53:44","guid":{"rendered":"https:\/\/herbolariodecorea.es\/index.php\/producto\/abdo-dren-60-capsulas-sakai\/"},"modified":"2026-02-26T12:28:25","modified_gmt":"2026-02-26T11:28:25","slug":"abdo-dren-60-capsulas-sakai","status":"publish","type":"product","link":"https:\/\/herbolariodecorea.es\/index.php\/producto\/abdo-dren-60-capsulas-sakai\/","title":{"rendered":"ABDO DREN 60 C\u00c1PSULAS SAKAI"},"content":{"rendered":"<p>Sline Control AbdoDren es un complemento alimenticio 2 en 1 que combina el poder de la nutrici\u00f3n y la bot\u00e1nica para ayudarte a moldear tu figura y eliminar el exceso de l\u00edquidos. El cromo contribuye al metabolismo normal de los macronutrientes (carbohidratos, grasas y prote\u00ednas). La zarzaparrilla se considera depurativa y diur\u00e9tica. Sline control abdodren est\u00e1 indicado para:<\/p>\n<p>Personas que siguen una dieta hipocal\u00f3rica.<\/p>\n<p>Personas que quieren controlar su zona abdominal.<\/p>\n<p>Personas que quieren eliminar el exceso de l\u00edquidos.<\/p>\n","protected":false},"excerpt":{"rendered":"<p>Sline Control AbdoDren es un complemento alimenticio 2 en 1 que combina el poder de la nutrici\u00f3n y la bot\u00e1nica para ayudarte a moldear tu figura y eliminar el exceso de l\u00edquidos. El cromo contribuye al metabolismo normal de los macronutrientes (carbohidratos, grasas y prote\u00ednas). La zarzaparrilla se considera depurativa y diur\u00e9tica. Sline control abdodren est\u00e1 indicado para:<\/p>\n","protected":false},"featured_media":2170,"comment_status":"open","ping_status":"closed","template":"","meta":{"_et_pb_use_builder":"","_et_pb_old_content":"","_et_gb_content_width":""},"product_brand":[],"product_cat":[22,17],"product_tag":[],"class_list":{"0":"post-2067","1":"product","2":"type-product","3":"status-publish","4":"has-post-thumbnail","6":"product_cat-en-oferta","7":"product_cat-sin-categorizar","9":"first","10":"instock","11":"sale","12":"shipping-taxable","13":"purchasable","14":"product-type-simple"},"aioseo_notices":[],"_links":{"self":[{"href":"https:\/\/herbolariodecorea.es\/index.php\/wp-json\/wp\/v2\/product\/2067","targetHints":{"allow":["GET"]}}],"collection":[{"href":"https:\/\/herbolariodecorea.es\/index.php\/wp-json\/wp\/v2\/product"}],"about":[{"href":"https:\/\/herbolariodecorea.es\/index.php\/wp-json\/wp\/v2\/types\/product"}],"replies":[{"embeddable":true,"href":"https:\/\/herbolariodecorea.es\/index.php\/wp-json\/wp\/v2\/comments?post=2067"}],"wp:featuredmedia":[{"embeddable":true,"href":"https:\/\/herbolariodecorea.es\/index.php\/wp-json\/wp\/v2\/media\/2170"}],"wp:attachment":[{"href":"https:\/\/herbolariodecorea.es\/index.php\/wp-json\/wp\/v2\/media?parent=2067"}],"wp:term":[{"taxonomy":"product_brand","embeddable":true,"href":"https:\/\/herbolariodecorea.es\/index.php\/wp-json\/wp\/v2\/product_brand?post=2067"},{"taxonomy":"product_cat","embeddable":true,"href":"https:\/\/herbolariodecorea.es\/index.php\/wp-json\/wp\/v2\/product_cat?post=2067"},{"taxonomy":"product_tag","embeddable":true,"href":"https:\/\/herbolariodecorea.es\/index.php\/wp-json\/wp\/v2\/product_tag?post=2067"}],"curies":[{"name":"wp","href":"https:\/\/api.w.org\/{rel}","templated":true}]}}