{"id":2068,"date":"2025-11-14T14:53:44","date_gmt":"2025-11-14T13:53:44","guid":{"rendered":"https:\/\/herbolariodecorea.es\/index.php\/producto\/acndepur-60-caps-intersa-labs\/"},"modified":"2025-11-14T15:00:18","modified_gmt":"2025-11-14T14:00:18","slug":"acndepur-60-caps-intersa-labs","status":"publish","type":"product","link":"https:\/\/herbolariodecorea.es\/index.php\/producto\/acndepur-60-caps-intersa-labs\/","title":{"rendered":"ACNDEPUR 60 C\u00c1PS. INTERSA LABS"},"content":{"rendered":"<p>Acn Depur Acne de Intersa es un suplemento que colabora en la depuraci\u00f3n org\u00e1nica en tratamientos del los trastornos de la piel y otras afecciones dermatol\u00f3gicas. Contiene levadura de cerveza viva, vitamina A, diente de le\u00f3n, ortiga verde, bardana y lactobacilos. La vitamina A contribuye al mantenimiento de la piel en condiciones normales.<\/p>\n","protected":false},"excerpt":{"rendered":"<p>Acn Depur Acne de Intersa es un suplemento que colabora en la depuraci\u00f3n org\u00e1nica en tratamientos del los trastornos de la piel y otras afecciones dermatol\u00f3gicas. Contiene levadura de cerveza viva, vitamina A, diente de le\u00f3n, ortiga verde, bardana y lactobacilos. La vitamina A contribuye al mantenimiento de la piel en condiciones normales.<\/p>\n","protected":false},"featured_media":2171,"comment_status":"open","ping_status":"closed","template":"","meta":{"_et_pb_use_builder":"","_et_pb_old_content":"","_et_gb_content_width":""},"product_brand":[],"product_cat":[17],"product_tag":[],"class_list":{"0":"post-2068","1":"product","2":"type-product","3":"status-publish","4":"has-post-thumbnail","6":"product_cat-sin-categorizar","8":"first","9":"instock","10":"shipping-taxable","11":"purchasable","12":"product-type-simple"},"aioseo_notices":[],"_links":{"self":[{"href":"https:\/\/herbolariodecorea.es\/index.php\/wp-json\/wp\/v2\/product\/2068","targetHints":{"allow":["GET"]}}],"collection":[{"href":"https:\/\/herbolariodecorea.es\/index.php\/wp-json\/wp\/v2\/product"}],"about":[{"href":"https:\/\/herbolariodecorea.es\/index.php\/wp-json\/wp\/v2\/types\/product"}],"replies":[{"embeddable":true,"href":"https:\/\/herbolariodecorea.es\/index.php\/wp-json\/wp\/v2\/comments?post=2068"}],"wp:featuredmedia":[{"embeddable":true,"href":"https:\/\/herbolariodecorea.es\/index.php\/wp-json\/wp\/v2\/media\/2171"}],"wp:attachment":[{"href":"https:\/\/herbolariodecorea.es\/index.php\/wp-json\/wp\/v2\/media?parent=2068"}],"wp:term":[{"taxonomy":"product_brand","embeddable":true,"href":"https:\/\/herbolariodecorea.es\/index.php\/wp-json\/wp\/v2\/product_brand?post=2068"},{"taxonomy":"product_cat","embeddable":true,"href":"https:\/\/herbolariodecorea.es\/index.php\/wp-json\/wp\/v2\/product_cat?post=2068"},{"taxonomy":"product_tag","embeddable":true,"href":"https:\/\/herbolariodecorea.es\/index.php\/wp-json\/wp\/v2\/product_tag?post=2068"}],"curies":[{"name":"wp","href":"https:\/\/api.w.org\/{rel}","templated":true}]}}