{"id":2070,"date":"2025-11-14T14:53:45","date_gmt":"2025-11-14T13:53:45","guid":{"rendered":"https:\/\/herbolariodecorea.es\/index.php\/producto\/alersak-45-comps-sakai\/"},"modified":"2025-11-14T15:01:34","modified_gmt":"2025-11-14T14:01:34","slug":"alersak-45-comps-sakai","status":"publish","type":"product","link":"https:\/\/herbolariodecorea.es\/index.php\/producto\/alersak-45-comps-sakai\/","title":{"rendered":"ALERSAK 45 COMPS. SAKAI"},"content":{"rendered":"<p>Alersak Sakai es un complemento alimenticio dise\u00f1ado para aliviar los s\u00edntomas de las alergias ambientales (como el polen, \u00e1caros o pelo de animal). Contiene una f\u00f3rmula de ingredientes como IgECALM\u00ae (ovomucoides), zinc, selenio, \u00e1cido f\u00f3lico y vitamina B12, que ayudan a reducir la inflamaci\u00f3n y apoyar el sistema inmunitario.<\/p>\n","protected":false},"excerpt":{"rendered":"<p>Alersak Sakai es un complemento alimenticio dise\u00f1ado para aliviar los s\u00edntomas de las alergias ambientales (como el polen, \u00e1caros o pelo de animal). Contiene una f\u00f3rmula de ingredientes como IgECALM\u00ae (ovomucoides), zinc, selenio, \u00e1cido f\u00f3lico y vitamina B12, que ayudan a reducir la inflamaci\u00f3n y apoyar el sistema inmunitario.<\/p>\n","protected":false},"featured_media":2173,"comment_status":"open","ping_status":"closed","template":"","meta":{"_et_pb_use_builder":"","_et_pb_old_content":"","_et_gb_content_width":""},"product_brand":[],"product_cat":[17],"product_tag":[],"class_list":{"0":"post-2070","1":"product","2":"type-product","3":"status-publish","4":"has-post-thumbnail","6":"product_cat-sin-categorizar","8":"first","9":"instock","10":"shipping-taxable","11":"purchasable","12":"product-type-simple"},"aioseo_notices":[],"_links":{"self":[{"href":"https:\/\/herbolariodecorea.es\/index.php\/wp-json\/wp\/v2\/product\/2070","targetHints":{"allow":["GET"]}}],"collection":[{"href":"https:\/\/herbolariodecorea.es\/index.php\/wp-json\/wp\/v2\/product"}],"about":[{"href":"https:\/\/herbolariodecorea.es\/index.php\/wp-json\/wp\/v2\/types\/product"}],"replies":[{"embeddable":true,"href":"https:\/\/herbolariodecorea.es\/index.php\/wp-json\/wp\/v2\/comments?post=2070"}],"wp:featuredmedia":[{"embeddable":true,"href":"https:\/\/herbolariodecorea.es\/index.php\/wp-json\/wp\/v2\/media\/2173"}],"wp:attachment":[{"href":"https:\/\/herbolariodecorea.es\/index.php\/wp-json\/wp\/v2\/media?parent=2070"}],"wp:term":[{"taxonomy":"product_brand","embeddable":true,"href":"https:\/\/herbolariodecorea.es\/index.php\/wp-json\/wp\/v2\/product_brand?post=2070"},{"taxonomy":"product_cat","embeddable":true,"href":"https:\/\/herbolariodecorea.es\/index.php\/wp-json\/wp\/v2\/product_cat?post=2070"},{"taxonomy":"product_tag","embeddable":true,"href":"https:\/\/herbolariodecorea.es\/index.php\/wp-json\/wp\/v2\/product_tag?post=2070"}],"curies":[{"name":"wp","href":"https:\/\/api.w.org\/{rel}","templated":true}]}}