{"id":2071,"date":"2025-11-14T14:53:45","date_gmt":"2025-11-14T13:53:45","guid":{"rendered":"https:\/\/herbolariodecorea.es\/index.php\/producto\/ashwagandha-6000mg-30-caps-derbos\/"},"modified":"2026-04-13T17:27:43","modified_gmt":"2026-04-13T15:27:43","slug":"ashwagandha-60-caps-healthaid","status":"publish","type":"product","link":"https:\/\/herbolariodecorea.es\/index.php\/producto\/ashwagandha-60-caps-healthaid\/","title":{"rendered":"ASHWAGANDHA 60 TABLETAS HEALTH AID"},"content":{"rendered":"<p>La Ashwagandha ayuda a mantener las capacidades f\u00edsicas y mentales en casos de debilidad, agotamiento, cansancio y p\u00e9rdida de concentraci\u00f3n. Ayuda a mantener una resistencia \u00f3ptima, con sensaci\u00f3n de energ\u00eda y vitalidad, bienestar f\u00edsico y mental. Ayuda a mantener la vitalidad del cuerpo y contribuye a la resistencia del cuerpo al estr\u00e9s y ayuda a sentirse con m\u00e1s energ\u00eda.<\/p>\n","protected":false},"excerpt":{"rendered":"<p>La Ashwagandha ayuda a mantener las capacidades f\u00edsicas y mentales en casos de debilidad, agotamiento, cansancio y p\u00e9rdida de concentraci\u00f3n. Ayuda a mantener una resistencia \u00f3ptima, con sensaci\u00f3n de energ\u00eda y vitalidad, bienestar f\u00edsico y mental. Ayuda a mantener la vitalidad del cuerpo y contribuye a la resistencia del cuerpo al estr\u00e9s y ayuda a sentirse con m\u00e1s energ\u00eda.<\/p>\n","protected":false},"featured_media":2553,"comment_status":"open","ping_status":"closed","template":"","meta":{"_et_pb_use_builder":"","_et_pb_old_content":"","_et_gb_content_width":""},"product_brand":[],"product_cat":[17],"product_tag":[],"class_list":{"0":"post-2071","1":"product","2":"type-product","3":"status-publish","4":"has-post-thumbnail","6":"product_cat-sin-categorizar","8":"first","9":"instock","10":"shipping-taxable","11":"purchasable","12":"product-type-simple"},"aioseo_notices":[],"_links":{"self":[{"href":"https:\/\/herbolariodecorea.es\/index.php\/wp-json\/wp\/v2\/product\/2071","targetHints":{"allow":["GET"]}}],"collection":[{"href":"https:\/\/herbolariodecorea.es\/index.php\/wp-json\/wp\/v2\/product"}],"about":[{"href":"https:\/\/herbolariodecorea.es\/index.php\/wp-json\/wp\/v2\/types\/product"}],"replies":[{"embeddable":true,"href":"https:\/\/herbolariodecorea.es\/index.php\/wp-json\/wp\/v2\/comments?post=2071"}],"wp:featuredmedia":[{"embeddable":true,"href":"https:\/\/herbolariodecorea.es\/index.php\/wp-json\/wp\/v2\/media\/2553"}],"wp:attachment":[{"href":"https:\/\/herbolariodecorea.es\/index.php\/wp-json\/wp\/v2\/media?parent=2071"}],"wp:term":[{"taxonomy":"product_brand","embeddable":true,"href":"https:\/\/herbolariodecorea.es\/index.php\/wp-json\/wp\/v2\/product_brand?post=2071"},{"taxonomy":"product_cat","embeddable":true,"href":"https:\/\/herbolariodecorea.es\/index.php\/wp-json\/wp\/v2\/product_cat?post=2071"},{"taxonomy":"product_tag","embeddable":true,"href":"https:\/\/herbolariodecorea.es\/index.php\/wp-json\/wp\/v2\/product_tag?post=2071"}],"curies":[{"name":"wp","href":"https:\/\/api.w.org\/{rel}","templated":true}]}}