{"id":2072,"date":"2025-11-14T14:53:45","date_gmt":"2025-11-14T13:53:45","guid":{"rendered":"https:\/\/herbolariodecorea.es\/index.php\/producto\/balantium-hipermonium-retard-45-comps-derbos\/"},"modified":"2025-11-14T15:02:44","modified_gmt":"2025-11-14T14:02:44","slug":"balantium-hipermonium-retard-45-comps-derbos","status":"publish","type":"product","link":"https:\/\/herbolariodecorea.es\/index.php\/producto\/balantium-hipermonium-retard-45-comps-derbos\/","title":{"rendered":"BALANTIUM HIPERMONIUM RETARD 45 COMPS DERB\u00d3S"},"content":{"rendered":"<p>Balantium Hipermonium Retard es un complemento alimenticio de la marca Derb\u00f3s dise\u00f1ado para promover el bienestar emocional, reducir la ansiedad y el nerviosismo asociados al estr\u00e9s, y mejorar el descanso nocturno. La tecnolog\u00eda &#8220;Retard&#8221; asegura una liberaci\u00f3n controlada y sostenida de los principios activos para una mayor eficacia.<\/p>\n","protected":false},"excerpt":{"rendered":"<p>Balantium Hipermonium Retard es un complemento alimenticio de la marca Derb\u00f3s dise\u00f1ado para promover el bienestar emocional, reducir la ansiedad y el nerviosismo asociados al estr\u00e9s, y mejorar el descanso nocturno. La tecnolog\u00eda &#8220;Retard&#8221; asegura una liberaci\u00f3n controlada y sostenida de los principios activos para una mayor eficacia.<\/p>\n","protected":false},"featured_media":2175,"comment_status":"open","ping_status":"closed","template":"","meta":{"_et_pb_use_builder":"on","_et_pb_old_content":"Balantium Hipermonium Retard es un complemento alimenticio de la marca Derb\u00f3s dise\u00f1ado para promover el bienestar emocional, reducir la ansiedad y el nerviosismo asociados al estr\u00e9s, y mejorar el descanso nocturno. La tecnolog\u00eda \"Retard\" asegura una liberaci\u00f3n controlada y sostenida de los principios activos para una mayor eficacia.","_et_gb_content_width":""},"product_brand":[],"product_cat":[17],"product_tag":[],"class_list":{"0":"post-2072","1":"product","2":"type-product","3":"status-publish","4":"has-post-thumbnail","6":"product_cat-sin-categorizar","8":"first","9":"instock","10":"shipping-taxable","11":"purchasable","12":"product-type-simple"},"aioseo_notices":[],"_links":{"self":[{"href":"https:\/\/herbolariodecorea.es\/index.php\/wp-json\/wp\/v2\/product\/2072","targetHints":{"allow":["GET"]}}],"collection":[{"href":"https:\/\/herbolariodecorea.es\/index.php\/wp-json\/wp\/v2\/product"}],"about":[{"href":"https:\/\/herbolariodecorea.es\/index.php\/wp-json\/wp\/v2\/types\/product"}],"replies":[{"embeddable":true,"href":"https:\/\/herbolariodecorea.es\/index.php\/wp-json\/wp\/v2\/comments?post=2072"}],"wp:featuredmedia":[{"embeddable":true,"href":"https:\/\/herbolariodecorea.es\/index.php\/wp-json\/wp\/v2\/media\/2175"}],"wp:attachment":[{"href":"https:\/\/herbolariodecorea.es\/index.php\/wp-json\/wp\/v2\/media?parent=2072"}],"wp:term":[{"taxonomy":"product_brand","embeddable":true,"href":"https:\/\/herbolariodecorea.es\/index.php\/wp-json\/wp\/v2\/product_brand?post=2072"},{"taxonomy":"product_cat","embeddable":true,"href":"https:\/\/herbolariodecorea.es\/index.php\/wp-json\/wp\/v2\/product_cat?post=2072"},{"taxonomy":"product_tag","embeddable":true,"href":"https:\/\/herbolariodecorea.es\/index.php\/wp-json\/wp\/v2\/product_tag?post=2072"}],"curies":[{"name":"wp","href":"https:\/\/api.w.org\/{rel}","templated":true}]}}