{"id":2073,"date":"2025-11-14T14:53:45","date_gmt":"2025-11-14T13:53:45","guid":{"rendered":"https:\/\/herbolariodecorea.es\/index.php\/producto\/batteril-900-30-tabs-esi\/"},"modified":"2025-11-14T15:03:41","modified_gmt":"2025-11-14T14:03:41","slug":"batteril-900-30-tabs-esi","status":"publish","type":"product","link":"https:\/\/herbolariodecorea.es\/index.php\/producto\/batteril-900-30-tabs-esi\/","title":{"rendered":"BATTERIL 900 30 TABS ESI"},"content":{"rendered":"<p>Un complemento alimenticio que combina dos ingredientes naturales: el extracto de semilla de pomelo y el aceite esencial de \u00e1rbol de t\u00e9. Apoya el sistema inmunol\u00f3gico y la resistencia fisiol\u00f3gica del cuerpo. Se utiliza para contrarrestar infecciones leves a moderadas, gracias a sus propiedades antibacterianas, antif\u00fangicas, antivirales y antiparasitarias. Es \u00fatil en casos como amigdalitis, cistitis, candidiasis vaginal, gripe y resfriados.<\/p>\n","protected":false},"excerpt":{"rendered":"<p>Un complemento alimenticio que combina dos ingredientes naturales: el extracto de semilla de pomelo y el aceite esencial de \u00e1rbol de t\u00e9. Apoya el sistema inmunol\u00f3gico y la resistencia fisiol\u00f3gica del cuerpo. Se utiliza para contrarrestar infecciones leves a moderadas, gracias a sus propiedades antibacterianas, antif\u00fangicas, antivirales y antiparasitarias. Es \u00fatil en casos como amigdalitis, cistitis, candidiasis vaginal, gripe y resfriados.<\/p>\n","protected":false},"featured_media":2176,"comment_status":"open","ping_status":"closed","template":"","meta":{"_et_pb_use_builder":"","_et_pb_old_content":"","_et_gb_content_width":""},"product_brand":[],"product_cat":[17],"product_tag":[],"class_list":{"0":"post-2073","1":"product","2":"type-product","3":"status-publish","4":"has-post-thumbnail","6":"product_cat-sin-categorizar","8":"first","9":"instock","10":"shipping-taxable","11":"purchasable","12":"product-type-simple"},"aioseo_notices":[],"_links":{"self":[{"href":"https:\/\/herbolariodecorea.es\/index.php\/wp-json\/wp\/v2\/product\/2073","targetHints":{"allow":["GET"]}}],"collection":[{"href":"https:\/\/herbolariodecorea.es\/index.php\/wp-json\/wp\/v2\/product"}],"about":[{"href":"https:\/\/herbolariodecorea.es\/index.php\/wp-json\/wp\/v2\/types\/product"}],"replies":[{"embeddable":true,"href":"https:\/\/herbolariodecorea.es\/index.php\/wp-json\/wp\/v2\/comments?post=2073"}],"wp:featuredmedia":[{"embeddable":true,"href":"https:\/\/herbolariodecorea.es\/index.php\/wp-json\/wp\/v2\/media\/2176"}],"wp:attachment":[{"href":"https:\/\/herbolariodecorea.es\/index.php\/wp-json\/wp\/v2\/media?parent=2073"}],"wp:term":[{"taxonomy":"product_brand","embeddable":true,"href":"https:\/\/herbolariodecorea.es\/index.php\/wp-json\/wp\/v2\/product_brand?post=2073"},{"taxonomy":"product_cat","embeddable":true,"href":"https:\/\/herbolariodecorea.es\/index.php\/wp-json\/wp\/v2\/product_cat?post=2073"},{"taxonomy":"product_tag","embeddable":true,"href":"https:\/\/herbolariodecorea.es\/index.php\/wp-json\/wp\/v2\/product_tag?post=2073"}],"curies":[{"name":"wp","href":"https:\/\/api.w.org\/{rel}","templated":true}]}}