{"id":2075,"date":"2025-11-14T14:53:46","date_gmt":"2025-11-14T13:53:46","guid":{"rendered":"https:\/\/herbolariodecorea.es\/index.php\/producto\/cabelplus-30-comps-derbos\/"},"modified":"2025-11-14T15:06:02","modified_gmt":"2025-11-14T14:06:02","slug":"cabelplus-30-comps-derbos","status":"publish","type":"product","link":"https:\/\/herbolariodecorea.es\/index.php\/producto\/cabelplus-30-comps-derbos\/","title":{"rendered":"CABELPLUS 30 COMPS. DERB\u00d3S"},"content":{"rendered":"<p>Las c\u00e1pulas CabelPlus de Derb\u00f3s es un suplemento alimenticio indicado para frenar la ca\u00edda del cabello y fortalecer su crecimiento. Tambi\u00e9n ayuda a mantener la piel y u\u00f1as fuertes. 30 comprimidos. La Biotina, el Zinc y el Selenio contribuyen al mantenimiento del cabello en condiciones normales. La Biotina, el Zinc y la Niacina contribuyen al mantenimiento de la piel en condiciones normales. El Zinc contribuye al mantenimiento de las u\u00f1as en condiciones normales.<\/p>\n","protected":false},"excerpt":{"rendered":"<p>Las c\u00e1pulas CabelPlus de Derb\u00f3s es un suplemento alimenticio indicado para frenar la ca\u00edda del cabello y fortalecer su crecimiento. Tambi\u00e9n ayuda a mantener la piel y u\u00f1as fuertes. 30 comprimidos. La Biotina, el Zinc y el Selenio contribuyen al mantenimiento del cabello en condiciones normales. La Biotina, el Zinc y la Niacina contribuyen al mantenimiento de la piel en condiciones normales. El Zinc contribuye al mantenimiento de las u\u00f1as en condiciones normales.<\/p>\n","protected":false},"featured_media":2178,"comment_status":"open","ping_status":"closed","template":"","meta":{"_et_pb_use_builder":"","_et_pb_old_content":"","_et_gb_content_width":""},"product_brand":[],"product_cat":[17],"product_tag":[],"class_list":{"0":"post-2075","1":"product","2":"type-product","3":"status-publish","4":"has-post-thumbnail","6":"product_cat-sin-categorizar","8":"first","9":"instock","10":"shipping-taxable","11":"purchasable","12":"product-type-simple"},"aioseo_notices":[],"_links":{"self":[{"href":"https:\/\/herbolariodecorea.es\/index.php\/wp-json\/wp\/v2\/product\/2075","targetHints":{"allow":["GET"]}}],"collection":[{"href":"https:\/\/herbolariodecorea.es\/index.php\/wp-json\/wp\/v2\/product"}],"about":[{"href":"https:\/\/herbolariodecorea.es\/index.php\/wp-json\/wp\/v2\/types\/product"}],"replies":[{"embeddable":true,"href":"https:\/\/herbolariodecorea.es\/index.php\/wp-json\/wp\/v2\/comments?post=2075"}],"wp:featuredmedia":[{"embeddable":true,"href":"https:\/\/herbolariodecorea.es\/index.php\/wp-json\/wp\/v2\/media\/2178"}],"wp:attachment":[{"href":"https:\/\/herbolariodecorea.es\/index.php\/wp-json\/wp\/v2\/media?parent=2075"}],"wp:term":[{"taxonomy":"product_brand","embeddable":true,"href":"https:\/\/herbolariodecorea.es\/index.php\/wp-json\/wp\/v2\/product_brand?post=2075"},{"taxonomy":"product_cat","embeddable":true,"href":"https:\/\/herbolariodecorea.es\/index.php\/wp-json\/wp\/v2\/product_cat?post=2075"},{"taxonomy":"product_tag","embeddable":true,"href":"https:\/\/herbolariodecorea.es\/index.php\/wp-json\/wp\/v2\/product_tag?post=2075"}],"curies":[{"name":"wp","href":"https:\/\/api.w.org\/{rel}","templated":true}]}}