{"id":2077,"date":"2025-11-14T14:53:46","date_gmt":"2025-11-14T13:53:46","guid":{"rendered":"https:\/\/herbolariodecorea.es\/index.php\/producto\/cepillo-dental-ad-bambu-pack-4-eco-gang\/"},"modified":"2025-11-14T15:07:43","modified_gmt":"2025-11-14T14:07:43","slug":"cepillo-dental-ad-bambu-pack-4-eco-gang","status":"publish","type":"product","link":"https:\/\/herbolariodecorea.es\/index.php\/producto\/cepillo-dental-ad-bambu-pack-4-eco-gang\/","title":{"rendered":"CEPILLO DENTAL AD. BAMB\u00da PACK 4 ECO GANG"},"content":{"rendered":"<p>Pack Cepillo Diente Bambu Adult Suave | 4UD. Nuestro cepillo de dientes de bamb\u00fa est\u00e1 hecho de bamb\u00fa 100 % biodegradable, cosechado de forma sostenible y respetuoso con el planeta. Las cerdas est\u00e1n hechas de nailon 6 que se recicla f\u00e1cilmente y funciona tan bien como cualquier otro cepillo de dientes.<\/p>\n<p>La recomendaci\u00f3n del dentista es cambiar el cepillo de dientes cada tres meses y despu\u00e9s de haber estado enfermo.<\/p>\n","protected":false},"excerpt":{"rendered":"<p>Pack Cepillo Diente Bambu Adult Suave | 4UD. Nuestro cepillo de dientes de bamb\u00fa est\u00e1 hecho de bamb\u00fa 100 % biodegradable, cosechado de forma sostenible y respetuoso con el planeta. Las cerdas est\u00e1n hechas de nailon 6 que se recicla f\u00e1cilmente y funciona tan bien como cualquier otro cepillo de dientes.<\/p>\n","protected":false},"featured_media":2180,"comment_status":"open","ping_status":"closed","template":"","meta":{"_et_pb_use_builder":"","_et_pb_old_content":"","_et_gb_content_width":""},"product_brand":[],"product_cat":[17],"product_tag":[],"class_list":{"0":"post-2077","1":"product","2":"type-product","3":"status-publish","4":"has-post-thumbnail","6":"product_cat-sin-categorizar","8":"first","9":"instock","10":"shipping-taxable","11":"purchasable","12":"product-type-simple"},"aioseo_notices":[],"_links":{"self":[{"href":"https:\/\/herbolariodecorea.es\/index.php\/wp-json\/wp\/v2\/product\/2077","targetHints":{"allow":["GET"]}}],"collection":[{"href":"https:\/\/herbolariodecorea.es\/index.php\/wp-json\/wp\/v2\/product"}],"about":[{"href":"https:\/\/herbolariodecorea.es\/index.php\/wp-json\/wp\/v2\/types\/product"}],"replies":[{"embeddable":true,"href":"https:\/\/herbolariodecorea.es\/index.php\/wp-json\/wp\/v2\/comments?post=2077"}],"wp:featuredmedia":[{"embeddable":true,"href":"https:\/\/herbolariodecorea.es\/index.php\/wp-json\/wp\/v2\/media\/2180"}],"wp:attachment":[{"href":"https:\/\/herbolariodecorea.es\/index.php\/wp-json\/wp\/v2\/media?parent=2077"}],"wp:term":[{"taxonomy":"product_brand","embeddable":true,"href":"https:\/\/herbolariodecorea.es\/index.php\/wp-json\/wp\/v2\/product_brand?post=2077"},{"taxonomy":"product_cat","embeddable":true,"href":"https:\/\/herbolariodecorea.es\/index.php\/wp-json\/wp\/v2\/product_cat?post=2077"},{"taxonomy":"product_tag","embeddable":true,"href":"https:\/\/herbolariodecorea.es\/index.php\/wp-json\/wp\/v2\/product_tag?post=2077"}],"curies":[{"name":"wp","href":"https:\/\/api.w.org\/{rel}","templated":true}]}}