{"id":2078,"date":"2025-11-14T14:53:46","date_gmt":"2025-11-14T13:53:46","guid":{"rendered":"https:\/\/herbolariodecorea.es\/index.php\/producto\/cepillo-dental-medio-bambu-eco-gang\/"},"modified":"2025-11-14T15:08:32","modified_gmt":"2025-11-14T14:08:32","slug":"cepillo-dental-medio-bambu-eco-gang","status":"publish","type":"product","link":"https:\/\/herbolariodecorea.es\/index.php\/producto\/cepillo-dental-medio-bambu-eco-gang\/","title":{"rendered":"CEPILLO DENTAL MEDIO BAMB\u00da ECO GANG"},"content":{"rendered":"<p>El cepillo de dientes est\u00e1 fabricado con bamb\u00fa 100% biodegradable que se cosecha de forma sostenible y es respetuoso con el planeta. Las cerdas est\u00e1n hechas de nylon-6 que se recicla f\u00e1cilmente y funciona tan bien como cualquier otro cepillo de dientes. La recomendaci\u00f3n de los dentistas es sustituir el cepillo de dientes cada tres meses o despu\u00e9s de haber estado enfermo. MATERIALES: Mango de bamb\u00fa, cerdas de nylon-6. Dureza: Medio. Color: variado<\/p>\n","protected":false},"excerpt":{"rendered":"<p>El cepillo de dientes est\u00e1 fabricado con bamb\u00fa 100% biodegradable que se cosecha de forma sostenible y es respetuoso con el planeta. Las cerdas est\u00e1n hechas de nylon-6 que se recicla f\u00e1cilmente y funciona tan bien como cualquier otro cepillo de dientes. La recomendaci\u00f3n de los dentistas es sustituir el cepillo de dientes cada tres meses o despu\u00e9s de haber estado enfermo. MATERIALES: Mango de bamb\u00fa, cerdas de nylon-6. Dureza: Medio. Color: variado<\/p>\n","protected":false},"featured_media":2181,"comment_status":"open","ping_status":"closed","template":"","meta":{"_et_pb_use_builder":"","_et_pb_old_content":"","_et_gb_content_width":""},"product_brand":[],"product_cat":[17],"product_tag":[],"class_list":{"0":"post-2078","1":"product","2":"type-product","3":"status-publish","4":"has-post-thumbnail","6":"product_cat-sin-categorizar","8":"first","9":"instock","10":"shipping-taxable","11":"purchasable","12":"product-type-simple"},"aioseo_notices":[],"_links":{"self":[{"href":"https:\/\/herbolariodecorea.es\/index.php\/wp-json\/wp\/v2\/product\/2078","targetHints":{"allow":["GET"]}}],"collection":[{"href":"https:\/\/herbolariodecorea.es\/index.php\/wp-json\/wp\/v2\/product"}],"about":[{"href":"https:\/\/herbolariodecorea.es\/index.php\/wp-json\/wp\/v2\/types\/product"}],"replies":[{"embeddable":true,"href":"https:\/\/herbolariodecorea.es\/index.php\/wp-json\/wp\/v2\/comments?post=2078"}],"wp:featuredmedia":[{"embeddable":true,"href":"https:\/\/herbolariodecorea.es\/index.php\/wp-json\/wp\/v2\/media\/2181"}],"wp:attachment":[{"href":"https:\/\/herbolariodecorea.es\/index.php\/wp-json\/wp\/v2\/media?parent=2078"}],"wp:term":[{"taxonomy":"product_brand","embeddable":true,"href":"https:\/\/herbolariodecorea.es\/index.php\/wp-json\/wp\/v2\/product_brand?post=2078"},{"taxonomy":"product_cat","embeddable":true,"href":"https:\/\/herbolariodecorea.es\/index.php\/wp-json\/wp\/v2\/product_cat?post=2078"},{"taxonomy":"product_tag","embeddable":true,"href":"https:\/\/herbolariodecorea.es\/index.php\/wp-json\/wp\/v2\/product_tag?post=2078"}],"curies":[{"name":"wp","href":"https:\/\/api.w.org\/{rel}","templated":true}]}}