{"id":2080,"date":"2025-11-14T14:53:47","date_gmt":"2025-11-14T13:53:47","guid":{"rendered":"https:\/\/herbolariodecorea.es\/index.php\/producto\/cirnol-comprimidos-45-comps-sakai\/"},"modified":"2025-11-14T15:10:01","modified_gmt":"2025-11-14T14:10:01","slug":"cirnol-comprimidos-45-comps-sakai","status":"publish","type":"product","link":"https:\/\/herbolariodecorea.es\/index.php\/producto\/cirnol-comprimidos-45-comps-sakai\/","title":{"rendered":"CIRNOL COMPRIMIDOS 45 COMPS SAKAI"},"content":{"rendered":"<p>Para el bienestar de la circulaci\u00f3n de las piernas. Complemento alimenticio a base de Bioflavonoides, Ar\u00e1ndano, Rusco, Casta\u00f1o de Indias, Vid roja, Ginkgo y Coenzima Q10 que ayuda con la circulaci\u00f3l de las piernas. Es un concentrado venot\u00f3nico con alta concentraci\u00f3n de Ginko Biloba que aporta bioflavonoides c\u00edtricos y vitamina C, fundamentales para la circulaci\u00f3n perif\u00e9rica y cerebral. Ayuda para el bienestar del sistema venoso y microcirculaci\u00f3n.<\/p>\n<p>Evita la acumulaci\u00f3n de l\u00edquidos.<\/p>\n<p>Previene hinchaz\u00f3n y calambres.<\/p>\n<p>Aporta un efecto antioxidante.<\/p>\n<p>Evita venas varicosas y hormigueo promoviendo el bienestar de las piernas.<\/p>\n","protected":false},"excerpt":{"rendered":"<p>Para el bienestar de la circulaci\u00f3n de las piernas. Complemento alimenticio a base de Bioflavonoides, Ar\u00e1ndano, Rusco, Casta\u00f1o de Indias, Vid roja, Ginkgo y Coenzima Q10 que ayuda con la circulaci\u00f3l de las piernas. Es un concentrado venot\u00f3nico con alta concentraci\u00f3n de Ginko Biloba que aporta bioflavonoides c\u00edtricos y vitamina C, fundamentales para la circulaci\u00f3n perif\u00e9rica y cerebral. Ayuda para el bienestar del sistema venoso y microcirculaci\u00f3n.<\/p>\n","protected":false},"featured_media":2183,"comment_status":"open","ping_status":"closed","template":"","meta":{"_et_pb_use_builder":"","_et_pb_old_content":"","_et_gb_content_width":""},"product_brand":[],"product_cat":[17],"product_tag":[],"class_list":{"0":"post-2080","1":"product","2":"type-product","3":"status-publish","4":"has-post-thumbnail","6":"product_cat-sin-categorizar","8":"first","9":"instock","10":"shipping-taxable","11":"purchasable","12":"product-type-simple"},"aioseo_notices":[],"_links":{"self":[{"href":"https:\/\/herbolariodecorea.es\/index.php\/wp-json\/wp\/v2\/product\/2080","targetHints":{"allow":["GET"]}}],"collection":[{"href":"https:\/\/herbolariodecorea.es\/index.php\/wp-json\/wp\/v2\/product"}],"about":[{"href":"https:\/\/herbolariodecorea.es\/index.php\/wp-json\/wp\/v2\/types\/product"}],"replies":[{"embeddable":true,"href":"https:\/\/herbolariodecorea.es\/index.php\/wp-json\/wp\/v2\/comments?post=2080"}],"wp:featuredmedia":[{"embeddable":true,"href":"https:\/\/herbolariodecorea.es\/index.php\/wp-json\/wp\/v2\/media\/2183"}],"wp:attachment":[{"href":"https:\/\/herbolariodecorea.es\/index.php\/wp-json\/wp\/v2\/media?parent=2080"}],"wp:term":[{"taxonomy":"product_brand","embeddable":true,"href":"https:\/\/herbolariodecorea.es\/index.php\/wp-json\/wp\/v2\/product_brand?post=2080"},{"taxonomy":"product_cat","embeddable":true,"href":"https:\/\/herbolariodecorea.es\/index.php\/wp-json\/wp\/v2\/product_cat?post=2080"},{"taxonomy":"product_tag","embeddable":true,"href":"https:\/\/herbolariodecorea.es\/index.php\/wp-json\/wp\/v2\/product_tag?post=2080"}],"curies":[{"name":"wp","href":"https:\/\/api.w.org\/{rel}","templated":true}]}}