{"id":2081,"date":"2025-11-14T14:53:47","date_gmt":"2025-11-14T13:53:47","guid":{"rendered":"https:\/\/herbolariodecorea.es\/index.php\/producto\/cirnol-gel-150-ml-sakai\/"},"modified":"2025-11-14T15:10:45","modified_gmt":"2025-11-14T14:10:45","slug":"cirnol-gel-150-ml-sakai","status":"publish","type":"product","link":"https:\/\/herbolariodecorea.es\/index.php\/producto\/cirnol-gel-150-ml-sakai\/","title":{"rendered":"CIRNOL GEL 150 ML SAKAI"},"content":{"rendered":"<p>Alivio inmediato para las piernas cansadas o pesadas. Gel con efecto fr\u00edo a base de Menta, Casta\u00f1o de Indias, Sa\u00faco negro, Rusco, Centella asi\u00e1tica, Cipr\u00e9s, Enebro, Lavanda, Pino, Romero, Salvia. Proporciona un alivio inmediato para las piernas cansadas o pesadas. Es un concentrado venot\u00f3nico con alta concentraci\u00f3n de Casta\u00f1o de Indias fundamental para la correcta circulaci\u00f3n perif\u00e9rica. Aporta efecto fr\u00edo. Ayuda para el bienestar del sistema venoso y microcirculaci\u00f3n.<\/p>\n<p>Evita la acumulaci\u00f3n de l\u00edquidos.<\/p>\n<p>Previene hinchaz\u00f3n y calambres.<\/p>\n<p>Aporta un efecto antioxidante.<\/p>\n<p>Evita venas varicosas y hormigueo promoviendo el bienestar de las piernas.<\/p>\n","protected":false},"excerpt":{"rendered":"<p>Alivio inmediato para las piernas cansadas o pesadas. Gel con efecto fr\u00edo a base de Menta, Casta\u00f1o de Indias, Sa\u00faco negro, Rusco, Centella asi\u00e1tica, Cipr\u00e9s, Enebro, Lavanda, Pino, Romero, Salvia. Proporciona un alivio inmediato para las piernas cansadas o pesadas. Es un concentrado venot\u00f3nico con alta concentraci\u00f3n de Casta\u00f1o de Indias fundamental para la correcta circulaci\u00f3n perif\u00e9rica. Aporta efecto fr\u00edo. Ayuda para el bienestar del sistema venoso y microcirculaci\u00f3n.<\/p>\n","protected":false},"featured_media":2184,"comment_status":"open","ping_status":"closed","template":"","meta":{"_et_pb_use_builder":"","_et_pb_old_content":"","_et_gb_content_width":""},"product_brand":[],"product_cat":[17],"product_tag":[],"class_list":{"0":"post-2081","1":"product","2":"type-product","3":"status-publish","4":"has-post-thumbnail","6":"product_cat-sin-categorizar","8":"first","9":"instock","10":"shipping-taxable","11":"purchasable","12":"product-type-simple"},"aioseo_notices":[],"_links":{"self":[{"href":"https:\/\/herbolariodecorea.es\/index.php\/wp-json\/wp\/v2\/product\/2081","targetHints":{"allow":["GET"]}}],"collection":[{"href":"https:\/\/herbolariodecorea.es\/index.php\/wp-json\/wp\/v2\/product"}],"about":[{"href":"https:\/\/herbolariodecorea.es\/index.php\/wp-json\/wp\/v2\/types\/product"}],"replies":[{"embeddable":true,"href":"https:\/\/herbolariodecorea.es\/index.php\/wp-json\/wp\/v2\/comments?post=2081"}],"wp:featuredmedia":[{"embeddable":true,"href":"https:\/\/herbolariodecorea.es\/index.php\/wp-json\/wp\/v2\/media\/2184"}],"wp:attachment":[{"href":"https:\/\/herbolariodecorea.es\/index.php\/wp-json\/wp\/v2\/media?parent=2081"}],"wp:term":[{"taxonomy":"product_brand","embeddable":true,"href":"https:\/\/herbolariodecorea.es\/index.php\/wp-json\/wp\/v2\/product_brand?post=2081"},{"taxonomy":"product_cat","embeddable":true,"href":"https:\/\/herbolariodecorea.es\/index.php\/wp-json\/wp\/v2\/product_cat?post=2081"},{"taxonomy":"product_tag","embeddable":true,"href":"https:\/\/herbolariodecorea.es\/index.php\/wp-json\/wp\/v2\/product_tag?post=2081"}],"curies":[{"name":"wp","href":"https:\/\/api.w.org\/{rel}","templated":true}]}}