{"id":2082,"date":"2025-11-14T14:53:47","date_gmt":"2025-11-14T13:53:47","guid":{"rendered":"https:\/\/herbolariodecorea.es\/index.php\/producto\/citronela-spray-corporal-150ml-vitaroms-drasanvi\/"},"modified":"2025-11-14T15:11:20","modified_gmt":"2025-11-14T14:11:20","slug":"citronela-spray-corporal-150ml-vitaroms-drasanvi","status":"publish","type":"product","link":"https:\/\/herbolariodecorea.es\/index.php\/producto\/citronela-spray-corporal-150ml-vitaroms-drasanvi\/","title":{"rendered":"CITRONELA SPRAY CORPORAL 150ML VITAROMS DRASANVI"},"content":{"rendered":"<p>El spray corporal est\u00e1 formulado con hidrolato de menta piperita que proporcionar\u00e1 un frescor inmediato en nuestra piel. Adem\u00e1s, los aceites esenciales de eucalito azul, citronela, espliego macho y menta piperita reforzar\u00e1n esa acci\u00f3n y nos ayudar\u00e1n a reducir las molestias t\u00edpicas del verano.<\/p>\n","protected":false},"excerpt":{"rendered":"<p>El spray corporal est\u00e1 formulado con hidrolato de menta piperita que proporcionar\u00e1 un frescor inmediato en nuestra piel. Adem\u00e1s, los aceites esenciales de eucalito azul, citronela, espliego macho y menta piperita reforzar\u00e1n esa acci\u00f3n y nos ayudar\u00e1n a reducir las molestias t\u00edpicas del verano.<\/p>\n","protected":false},"featured_media":2185,"comment_status":"open","ping_status":"closed","template":"","meta":{"_et_pb_use_builder":"","_et_pb_old_content":"","_et_gb_content_width":""},"product_brand":[],"product_cat":[17],"product_tag":[],"class_list":{"0":"post-2082","1":"product","2":"type-product","3":"status-publish","4":"has-post-thumbnail","6":"product_cat-sin-categorizar","8":"first","9":"instock","10":"shipping-taxable","11":"purchasable","12":"product-type-simple"},"aioseo_notices":[],"_links":{"self":[{"href":"https:\/\/herbolariodecorea.es\/index.php\/wp-json\/wp\/v2\/product\/2082","targetHints":{"allow":["GET"]}}],"collection":[{"href":"https:\/\/herbolariodecorea.es\/index.php\/wp-json\/wp\/v2\/product"}],"about":[{"href":"https:\/\/herbolariodecorea.es\/index.php\/wp-json\/wp\/v2\/types\/product"}],"replies":[{"embeddable":true,"href":"https:\/\/herbolariodecorea.es\/index.php\/wp-json\/wp\/v2\/comments?post=2082"}],"wp:featuredmedia":[{"embeddable":true,"href":"https:\/\/herbolariodecorea.es\/index.php\/wp-json\/wp\/v2\/media\/2185"}],"wp:attachment":[{"href":"https:\/\/herbolariodecorea.es\/index.php\/wp-json\/wp\/v2\/media?parent=2082"}],"wp:term":[{"taxonomy":"product_brand","embeddable":true,"href":"https:\/\/herbolariodecorea.es\/index.php\/wp-json\/wp\/v2\/product_brand?post=2082"},{"taxonomy":"product_cat","embeddable":true,"href":"https:\/\/herbolariodecorea.es\/index.php\/wp-json\/wp\/v2\/product_cat?post=2082"},{"taxonomy":"product_tag","embeddable":true,"href":"https:\/\/herbolariodecorea.es\/index.php\/wp-json\/wp\/v2\/product_tag?post=2082"}],"curies":[{"name":"wp","href":"https:\/\/api.w.org\/{rel}","templated":true}]}}