{"id":2083,"date":"2025-11-14T14:53:48","date_gmt":"2025-11-14T13:53:48","guid":{"rendered":"https:\/\/herbolariodecorea.es\/index.php\/producto\/collmar-curcuma-300g-drasanvi\/"},"modified":"2026-03-09T13:55:05","modified_gmt":"2026-03-09T12:55:05","slug":"collmar-curcuma-300g-drasanvi","status":"publish","type":"product","link":"https:\/\/herbolariodecorea.es\/index.php\/producto\/collmar-curcuma-300g-drasanvi\/","title":{"rendered":"COLLMAR + C\u00daRCUMA 300G DRASANVI"},"content":{"rendered":"<p>Collmar\u00ae es un complemento alimenticio a base de Col\u00e1geno Marino, enriquecido con vitamina C y Magnesio.La combinaci\u00f3n de estos ingredientes permite una acci\u00f3n sin\u00e9rgica que mejora los resultados, convirti\u00e9ndolo en un excelente producto para optimizar la s\u00edntesis de prote\u00ednas. Gracias a la presencia de la C\u00farcuma, contribuye a aliviar los dolores musculares y articulares.<\/p>\n","protected":false},"excerpt":{"rendered":"<p>Collmar\u00ae es un complemento alimenticio a base de Col\u00e1geno Marino, enriquecido con vitamina C y Magnesio.La combinaci\u00f3n de estos ingredientes permite una acci\u00f3n sin\u00e9rgica que mejora los resultados, convirti\u00e9ndolo en un excelente producto para optimizar la s\u00edntesis de prote\u00ednas. Gracias a la presencia de la C\u00farcuma, contribuye a aliviar los dolores musculares y articulares.<\/p>\n","protected":false},"featured_media":2199,"comment_status":"open","ping_status":"closed","template":"","meta":{"_et_pb_use_builder":"","_et_pb_old_content":"","_et_gb_content_width":""},"product_brand":[],"product_cat":[17],"product_tag":[],"class_list":{"0":"post-2083","1":"product","2":"type-product","3":"status-publish","4":"has-post-thumbnail","6":"product_cat-sin-categorizar","8":"first","9":"outofstock","10":"shipping-taxable","11":"purchasable","12":"product-type-simple"},"aioseo_notices":[],"_links":{"self":[{"href":"https:\/\/herbolariodecorea.es\/index.php\/wp-json\/wp\/v2\/product\/2083","targetHints":{"allow":["GET"]}}],"collection":[{"href":"https:\/\/herbolariodecorea.es\/index.php\/wp-json\/wp\/v2\/product"}],"about":[{"href":"https:\/\/herbolariodecorea.es\/index.php\/wp-json\/wp\/v2\/types\/product"}],"replies":[{"embeddable":true,"href":"https:\/\/herbolariodecorea.es\/index.php\/wp-json\/wp\/v2\/comments?post=2083"}],"wp:featuredmedia":[{"embeddable":true,"href":"https:\/\/herbolariodecorea.es\/index.php\/wp-json\/wp\/v2\/media\/2199"}],"wp:attachment":[{"href":"https:\/\/herbolariodecorea.es\/index.php\/wp-json\/wp\/v2\/media?parent=2083"}],"wp:term":[{"taxonomy":"product_brand","embeddable":true,"href":"https:\/\/herbolariodecorea.es\/index.php\/wp-json\/wp\/v2\/product_brand?post=2083"},{"taxonomy":"product_cat","embeddable":true,"href":"https:\/\/herbolariodecorea.es\/index.php\/wp-json\/wp\/v2\/product_cat?post=2083"},{"taxonomy":"product_tag","embeddable":true,"href":"https:\/\/herbolariodecorea.es\/index.php\/wp-json\/wp\/v2\/product_tag?post=2083"}],"curies":[{"name":"wp","href":"https:\/\/api.w.org\/{rel}","templated":true}]}}