{"id":2084,"date":"2025-11-14T14:53:48","date_gmt":"2025-11-14T13:53:48","guid":{"rendered":"https:\/\/herbolariodecorea.es\/index.php\/producto\/collmar-colageno-marino-180-comps-drasanvi\/"},"modified":"2025-11-18T17:33:28","modified_gmt":"2025-11-18T16:33:28","slug":"collmar-colageno-marino-180-comps-drasanvi","status":"publish","type":"product","link":"https:\/\/herbolariodecorea.es\/index.php\/producto\/collmar-colageno-marino-180-comps-drasanvi\/","title":{"rendered":"COLLMAR COL\u00c1GENO MARINO 180 COMPS DRASANVI"},"content":{"rendered":"<p>Los comprimidos de Collmar\u00ae incorporan en su composici\u00f3n Col\u00e1geno\u00a0Marino Hidrolizado enzim\u00e1ticamente, \u00c1cido Hialur\u00f3nico, Magnesio, Calcio y Vitamina C.Gracias a la presencia de Vitamina C, Collmar\u00ae con Magnesio contribuye a la formaci\u00f3n normal de Col\u00e1geno para el\u00a0funcionamiento normal de cart\u00edlagos, huesos y piel.<\/p>\n","protected":false},"excerpt":{"rendered":"<p>Los comprimidos de Collmar\u00ae incorporan en su composici\u00f3n Col\u00e1geno\u00a0Marino Hidrolizado enzim\u00e1ticamente, \u00c1cido Hialur\u00f3nico, Magnesio, Calcio y Vitamina C.Gracias a la presencia de Vitamina C, Collmar\u00ae con Magnesio contribuye a la formaci\u00f3n normal de Col\u00e1geno para el\u00a0funcionamiento normal de cart\u00edlagos, huesos y piel.<\/p>\n","protected":false},"featured_media":2187,"comment_status":"open","ping_status":"closed","template":"","meta":{"_et_pb_use_builder":"","_et_pb_old_content":"","_et_gb_content_width":""},"product_brand":[],"product_cat":[17],"product_tag":[],"class_list":{"0":"post-2084","1":"product","2":"type-product","3":"status-publish","4":"has-post-thumbnail","6":"product_cat-sin-categorizar","8":"first","9":"instock","10":"shipping-taxable","11":"purchasable","12":"product-type-simple"},"aioseo_notices":[],"_links":{"self":[{"href":"https:\/\/herbolariodecorea.es\/index.php\/wp-json\/wp\/v2\/product\/2084","targetHints":{"allow":["GET"]}}],"collection":[{"href":"https:\/\/herbolariodecorea.es\/index.php\/wp-json\/wp\/v2\/product"}],"about":[{"href":"https:\/\/herbolariodecorea.es\/index.php\/wp-json\/wp\/v2\/types\/product"}],"replies":[{"embeddable":true,"href":"https:\/\/herbolariodecorea.es\/index.php\/wp-json\/wp\/v2\/comments?post=2084"}],"wp:featuredmedia":[{"embeddable":true,"href":"https:\/\/herbolariodecorea.es\/index.php\/wp-json\/wp\/v2\/media\/2187"}],"wp:attachment":[{"href":"https:\/\/herbolariodecorea.es\/index.php\/wp-json\/wp\/v2\/media?parent=2084"}],"wp:term":[{"taxonomy":"product_brand","embeddable":true,"href":"https:\/\/herbolariodecorea.es\/index.php\/wp-json\/wp\/v2\/product_brand?post=2084"},{"taxonomy":"product_cat","embeddable":true,"href":"https:\/\/herbolariodecorea.es\/index.php\/wp-json\/wp\/v2\/product_cat?post=2084"},{"taxonomy":"product_tag","embeddable":true,"href":"https:\/\/herbolariodecorea.es\/index.php\/wp-json\/wp\/v2\/product_tag?post=2084"}],"curies":[{"name":"wp","href":"https:\/\/api.w.org\/{rel}","templated":true}]}}