{"id":2086,"date":"2025-11-14T14:53:48","date_gmt":"2025-11-14T13:53:48","guid":{"rendered":"https:\/\/herbolariodecorea.es\/index.php\/producto\/colon-cleanse-lactulosa-12-sobres-esi\/"},"modified":"2026-03-09T13:55:17","modified_gmt":"2026-03-09T12:55:17","slug":"colon-cleanse-lactulosa-12-sobres-esi","status":"publish","type":"product","link":"https:\/\/herbolariodecorea.es\/index.php\/producto\/colon-cleanse-lactulosa-12-sobres-esi\/","title":{"rendered":"COLON CLEANSE LACTULOSA 12 SOBRES ESI"},"content":{"rendered":"<p>Colon Cleanse Lax Forte Lactulosa\u00a0es un complemento alimenticio que contribuye a regular el tr\u00e1nsito intestinal y favorece la funci\u00f3n digestiva. Elaborado a base de principios vegetales como la ciruela, altea, tamarindo, cardo mariano, diente de le\u00f3n, alcachofa, canela, hamamelis, malva y menta. Contiene lactulosa, un az\u00facar sint\u00e9tico utilizado para tratar el estre\u00f1imiento. Sabor a cereza.<\/p>\n","protected":false},"excerpt":{"rendered":"<p>Colon Cleanse Lax Forte Lactulosa\u00a0es un complemento alimenticio que contribuye a regular el tr\u00e1nsito intestinal y favorece la funci\u00f3n digestiva. Elaborado a base de principios vegetales como la ciruela, altea, tamarindo, cardo mariano, diente de le\u00f3n, alcachofa, canela, hamamelis, malva y menta. Contiene lactulosa, un az\u00facar sint\u00e9tico utilizado para tratar el estre\u00f1imiento. Sabor a cereza.<\/p>\n","protected":false},"featured_media":2189,"comment_status":"open","ping_status":"closed","template":"","meta":{"_et_pb_use_builder":"","_et_pb_old_content":"","_et_gb_content_width":""},"product_brand":[],"product_cat":[17],"product_tag":[],"class_list":{"0":"post-2086","1":"product","2":"type-product","3":"status-publish","4":"has-post-thumbnail","6":"product_cat-sin-categorizar","8":"first","9":"outofstock","10":"shipping-taxable","11":"purchasable","12":"product-type-simple"},"aioseo_notices":[],"_links":{"self":[{"href":"https:\/\/herbolariodecorea.es\/index.php\/wp-json\/wp\/v2\/product\/2086","targetHints":{"allow":["GET"]}}],"collection":[{"href":"https:\/\/herbolariodecorea.es\/index.php\/wp-json\/wp\/v2\/product"}],"about":[{"href":"https:\/\/herbolariodecorea.es\/index.php\/wp-json\/wp\/v2\/types\/product"}],"replies":[{"embeddable":true,"href":"https:\/\/herbolariodecorea.es\/index.php\/wp-json\/wp\/v2\/comments?post=2086"}],"wp:featuredmedia":[{"embeddable":true,"href":"https:\/\/herbolariodecorea.es\/index.php\/wp-json\/wp\/v2\/media\/2189"}],"wp:attachment":[{"href":"https:\/\/herbolariodecorea.es\/index.php\/wp-json\/wp\/v2\/media?parent=2086"}],"wp:term":[{"taxonomy":"product_brand","embeddable":true,"href":"https:\/\/herbolariodecorea.es\/index.php\/wp-json\/wp\/v2\/product_brand?post=2086"},{"taxonomy":"product_cat","embeddable":true,"href":"https:\/\/herbolariodecorea.es\/index.php\/wp-json\/wp\/v2\/product_cat?post=2086"},{"taxonomy":"product_tag","embeddable":true,"href":"https:\/\/herbolariodecorea.es\/index.php\/wp-json\/wp\/v2\/product_tag?post=2086"}],"curies":[{"name":"wp","href":"https:\/\/api.w.org\/{rel}","templated":true}]}}