{"id":2090,"date":"2025-11-14T14:53:49","date_gmt":"2025-11-14T13:53:49","guid":{"rendered":"https:\/\/herbolariodecorea.es\/index.php\/producto\/colageno-forte-flex-120-comps-integralia\/"},"modified":"2026-03-09T13:55:48","modified_gmt":"2026-03-09T12:55:48","slug":"colageno-forte-flex-120-comps-integralia","status":"publish","type":"product","link":"https:\/\/herbolariodecorea.es\/index.php\/producto\/colageno-forte-flex-120-comps-integralia\/","title":{"rendered":"COL\u00c1GENO FORTE FLEX 120 COMPS INTEGRALIA"},"content":{"rendered":"<p>Col\u00e1geno Forte Flex de Integralia es un complemento completo y avanzado para el cuidado articular. Su f\u00f3rmula con col\u00e1geno hidrolizado soluble, \u00e1cido hialur\u00f3nico, glucosamina, condroitina, boswelia y harpagofito est\u00e1 dise\u00f1ada para prevenir el desgaste, aliviar molestias articulares y mejorar la movilidad diaria. Adem\u00e1s, incorpora magnesio y zinc, esenciales para huesos fuertes y m\u00fasculos en buen estado. Una soluci\u00f3n c\u00f3moda en formato comprimido, ideal para personas activas, deportistas o quienes buscan un envejecimiento saludable.<\/p>\n","protected":false},"excerpt":{"rendered":"<p>Col\u00e1geno Forte Flex de Integralia es un complemento completo y avanzado para el cuidado articular. Su f\u00f3rmula con col\u00e1geno hidrolizado soluble, \u00e1cido hialur\u00f3nico, glucosamina, condroitina, boswelia y harpagofito est\u00e1 dise\u00f1ada para prevenir el desgaste, aliviar molestias articulares y mejorar la movilidad diaria. Adem\u00e1s, incorpora magnesio y zinc, esenciales para huesos fuertes y m\u00fasculos en buen estado. Una soluci\u00f3n c\u00f3moda en formato comprimido, ideal para personas activas, deportistas o quienes buscan un envejecimiento saludable.<\/p>\n","protected":false},"featured_media":2198,"comment_status":"open","ping_status":"closed","template":"","meta":{"_et_pb_use_builder":"","_et_pb_old_content":"","_et_gb_content_width":""},"product_brand":[],"product_cat":[17],"product_tag":[],"class_list":{"0":"post-2090","1":"product","2":"type-product","3":"status-publish","4":"has-post-thumbnail","6":"product_cat-sin-categorizar","8":"first","9":"outofstock","10":"shipping-taxable","11":"purchasable","12":"product-type-simple"},"aioseo_notices":[],"_links":{"self":[{"href":"https:\/\/herbolariodecorea.es\/index.php\/wp-json\/wp\/v2\/product\/2090","targetHints":{"allow":["GET"]}}],"collection":[{"href":"https:\/\/herbolariodecorea.es\/index.php\/wp-json\/wp\/v2\/product"}],"about":[{"href":"https:\/\/herbolariodecorea.es\/index.php\/wp-json\/wp\/v2\/types\/product"}],"replies":[{"embeddable":true,"href":"https:\/\/herbolariodecorea.es\/index.php\/wp-json\/wp\/v2\/comments?post=2090"}],"wp:featuredmedia":[{"embeddable":true,"href":"https:\/\/herbolariodecorea.es\/index.php\/wp-json\/wp\/v2\/media\/2198"}],"wp:attachment":[{"href":"https:\/\/herbolariodecorea.es\/index.php\/wp-json\/wp\/v2\/media?parent=2090"}],"wp:term":[{"taxonomy":"product_brand","embeddable":true,"href":"https:\/\/herbolariodecorea.es\/index.php\/wp-json\/wp\/v2\/product_brand?post=2090"},{"taxonomy":"product_cat","embeddable":true,"href":"https:\/\/herbolariodecorea.es\/index.php\/wp-json\/wp\/v2\/product_cat?post=2090"},{"taxonomy":"product_tag","embeddable":true,"href":"https:\/\/herbolariodecorea.es\/index.php\/wp-json\/wp\/v2\/product_tag?post=2090"}],"curies":[{"name":"wp","href":"https:\/\/api.w.org\/{rel}","templated":true}]}}