{"id":2091,"date":"2025-11-14T14:53:49","date_gmt":"2025-11-14T13:53:49","guid":{"rendered":"https:\/\/herbolariodecorea.es\/index.php\/producto\/colageno-forte-flex-300-g-integralia\/"},"modified":"2026-03-09T13:54:57","modified_gmt":"2026-03-09T12:54:57","slug":"colageno-forte-flex-300-g-integralia","status":"publish","type":"product","link":"https:\/\/herbolariodecorea.es\/index.php\/producto\/colageno-forte-flex-300-g-integralia\/","title":{"rendered":"COL\u00c1GENO FORTE FLEX 300 G INTEGRALIA"},"content":{"rendered":"<p>Col\u00e1geno Soluble Forte Flex de Integralia\u00a0contribuye a la protecci\u00f3n de las c\u00e9lulas frente al da\u00f1o oxidativo y a la formaci\u00f3n de col\u00e1geno para el funcionamiento normal de los huesos, cart\u00edlagos y piel. Evita lesiones en aquellas personas que practica habitualmente alg\u00fan deporte, gracias a su gran aporte de col\u00e1geno. Adem\u00e1s, aporta una mayor flexibilidad a los huesos y articulaciones.<\/p>\n","protected":false},"excerpt":{"rendered":"<p>Col\u00e1geno Soluble Forte Flex de Integralia\u00a0contribuye a la protecci\u00f3n de las c\u00e9lulas frente al da\u00f1o oxidativo y a la formaci\u00f3n de col\u00e1geno para el funcionamiento normal de los huesos, cart\u00edlagos y piel. Evita lesiones en aquellas personas que practica habitualmente alg\u00fan deporte, gracias a su gran aporte de col\u00e1geno. Adem\u00e1s, aporta una mayor flexibilidad a los huesos y articulaciones.<\/p>\n","protected":false},"featured_media":2197,"comment_status":"open","ping_status":"closed","template":"","meta":{"_et_pb_use_builder":"","_et_pb_old_content":"","_et_gb_content_width":""},"product_brand":[],"product_cat":[17],"product_tag":[],"class_list":{"0":"post-2091","1":"product","2":"type-product","3":"status-publish","4":"has-post-thumbnail","6":"product_cat-sin-categorizar","8":"first","9":"outofstock","10":"shipping-taxable","11":"purchasable","12":"product-type-simple"},"aioseo_notices":[],"_links":{"self":[{"href":"https:\/\/herbolariodecorea.es\/index.php\/wp-json\/wp\/v2\/product\/2091","targetHints":{"allow":["GET"]}}],"collection":[{"href":"https:\/\/herbolariodecorea.es\/index.php\/wp-json\/wp\/v2\/product"}],"about":[{"href":"https:\/\/herbolariodecorea.es\/index.php\/wp-json\/wp\/v2\/types\/product"}],"replies":[{"embeddable":true,"href":"https:\/\/herbolariodecorea.es\/index.php\/wp-json\/wp\/v2\/comments?post=2091"}],"wp:featuredmedia":[{"embeddable":true,"href":"https:\/\/herbolariodecorea.es\/index.php\/wp-json\/wp\/v2\/media\/2197"}],"wp:attachment":[{"href":"https:\/\/herbolariodecorea.es\/index.php\/wp-json\/wp\/v2\/media?parent=2091"}],"wp:term":[{"taxonomy":"product_brand","embeddable":true,"href":"https:\/\/herbolariodecorea.es\/index.php\/wp-json\/wp\/v2\/product_brand?post=2091"},{"taxonomy":"product_cat","embeddable":true,"href":"https:\/\/herbolariodecorea.es\/index.php\/wp-json\/wp\/v2\/product_cat?post=2091"},{"taxonomy":"product_tag","embeddable":true,"href":"https:\/\/herbolariodecorea.es\/index.php\/wp-json\/wp\/v2\/product_tag?post=2091"}],"curies":[{"name":"wp","href":"https:\/\/api.w.org\/{rel}","templated":true}]}}