{"id":2096,"date":"2025-11-14T14:53:50","date_gmt":"2025-11-14T13:53:50","guid":{"rendered":"https:\/\/herbolariodecorea.es\/index.php\/producto\/dentifrico-aloe-fresh-gel-menta-cristal-100ml-esi\/"},"modified":"2025-11-18T17:48:23","modified_gmt":"2025-11-18T16:48:23","slug":"dentifrico-aloe-fresh-gel-menta-cristal-100ml-esi","status":"publish","type":"product","link":"https:\/\/herbolariodecorea.es\/index.php\/producto\/dentifrico-aloe-fresh-gel-menta-cristal-100ml-esi\/","title":{"rendered":"DENT\u00edFRICO ALOE FRESH GEL MENTA CRISTAL 100ML ESI"},"content":{"rendered":"<p>Aloe Fresh Gel Menta Cristal de Trepatdiet Esi es un dent\u00edfrico en gel de Origen Natural y acci\u00f3n Retard, contiene una combinaci\u00f3n \u00fanica de ingredientes naturales activos. Para una sonrisa fresca y brillante, adem\u00e1s de prevenir y combatir el mal aliento. Ayuda a mantener la enc\u00edas sanas. Protecci\u00f3n natural contra la placa, sarro, mal aliento, caries y manchas.<\/p>\n","protected":false},"excerpt":{"rendered":"<p>Aloe Fresh Gel Menta Cristal de Trepatdiet Esi es un dent\u00edfrico en gel de Origen Natural y acci\u00f3n Retard, contiene una combinaci\u00f3n \u00fanica de ingredientes naturales activos. Para una sonrisa fresca y brillante, adem\u00e1s de prevenir y combatir el mal aliento. Ayuda a mantener la enc\u00edas sanas. Protecci\u00f3n natural contra la placa, sarro, mal aliento, caries y manchas.<\/p>\n","protected":false},"featured_media":2204,"comment_status":"open","ping_status":"closed","template":"","meta":{"_et_pb_use_builder":"","_et_pb_old_content":"","_et_gb_content_width":""},"product_brand":[],"product_cat":[17],"product_tag":[],"class_list":{"0":"post-2096","1":"product","2":"type-product","3":"status-publish","4":"has-post-thumbnail","6":"product_cat-sin-categorizar","8":"first","9":"instock","10":"shipping-taxable","11":"purchasable","12":"product-type-simple"},"aioseo_notices":[],"_links":{"self":[{"href":"https:\/\/herbolariodecorea.es\/index.php\/wp-json\/wp\/v2\/product\/2096","targetHints":{"allow":["GET"]}}],"collection":[{"href":"https:\/\/herbolariodecorea.es\/index.php\/wp-json\/wp\/v2\/product"}],"about":[{"href":"https:\/\/herbolariodecorea.es\/index.php\/wp-json\/wp\/v2\/types\/product"}],"replies":[{"embeddable":true,"href":"https:\/\/herbolariodecorea.es\/index.php\/wp-json\/wp\/v2\/comments?post=2096"}],"wp:featuredmedia":[{"embeddable":true,"href":"https:\/\/herbolariodecorea.es\/index.php\/wp-json\/wp\/v2\/media\/2204"}],"wp:attachment":[{"href":"https:\/\/herbolariodecorea.es\/index.php\/wp-json\/wp\/v2\/media?parent=2096"}],"wp:term":[{"taxonomy":"product_brand","embeddable":true,"href":"https:\/\/herbolariodecorea.es\/index.php\/wp-json\/wp\/v2\/product_brand?post=2096"},{"taxonomy":"product_cat","embeddable":true,"href":"https:\/\/herbolariodecorea.es\/index.php\/wp-json\/wp\/v2\/product_cat?post=2096"},{"taxonomy":"product_tag","embeddable":true,"href":"https:\/\/herbolariodecorea.es\/index.php\/wp-json\/wp\/v2\/product_tag?post=2096"}],"curies":[{"name":"wp","href":"https:\/\/api.w.org\/{rel}","templated":true}]}}