{"id":2100,"date":"2025-11-14T14:53:52","date_gmt":"2025-11-14T13:53:52","guid":{"rendered":"https:\/\/herbolariodecorea.es\/index.php\/producto\/detox-plus-sakai-450ml\/"},"modified":"2025-11-18T17:50:41","modified_gmt":"2025-11-18T16:50:41","slug":"detox-plus-sakai-450ml","status":"publish","type":"product","link":"https:\/\/herbolariodecorea.es\/index.php\/producto\/detox-plus-sakai-450ml\/","title":{"rendered":"DETOX PLUS+ SAKAI 450ML"},"content":{"rendered":"<p>Sline Control Detox Plus+ es un complemento diet\u00e9tico pensado para realizar una limpieza org\u00e1nica que elimine las toxinas acumuladas que dificultan la perdida de peso, enlenteciendo la funci\u00f3n metab\u00f3lica y el ritmo org\u00e1nico. Adem\u00e1s, las plantas hep\u00e1ticas mejoran las funciones vesiculares y las secrecciones de bilis, de forma que mejoran el proceso digestivo, evitando la aparici\u00f3n de gases y favorecen el vientre plano. Gracias a los componentes activos, el producto tambi\u00e9n favorece la eliminaci\u00f3n de l\u00edquidos, mejorando tambi\u00e9n la circulaci\u00f3n sangu\u00ednea y el transporte de las c\u00e9lulas grasas para su posterior eliminaci\u00f3n.<\/p>\n","protected":false},"excerpt":{"rendered":"<p>Sline Control Detox Plus+ es un complemento diet\u00e9tico pensado para realizar una limpieza org\u00e1nica que elimine las toxinas acumuladas que dificultan la perdida de peso, enlenteciendo la funci\u00f3n metab\u00f3lica y el ritmo org\u00e1nico. Adem\u00e1s, las plantas hep\u00e1ticas mejoran las funciones vesiculares y las secrecciones de bilis, de forma que mejoran el proceso digestivo, evitando la aparici\u00f3n de gases y favorecen el vientre plano. Gracias a los componentes activos, el producto tambi\u00e9n favorece la eliminaci\u00f3n de l\u00edquidos, mejorando tambi\u00e9n la circulaci\u00f3n sangu\u00ednea y el transporte de las c\u00e9lulas grasas para su posterior eliminaci\u00f3n.<\/p>\n","protected":false},"featured_media":2208,"comment_status":"open","ping_status":"closed","template":"","meta":{"_et_pb_use_builder":"","_et_pb_old_content":"","_et_gb_content_width":""},"product_brand":[],"product_cat":[17],"product_tag":[],"class_list":{"0":"post-2100","1":"product","2":"type-product","3":"status-publish","4":"has-post-thumbnail","6":"product_cat-sin-categorizar","8":"first","9":"instock","10":"shipping-taxable","11":"purchasable","12":"product-type-simple"},"aioseo_notices":[],"_links":{"self":[{"href":"https:\/\/herbolariodecorea.es\/index.php\/wp-json\/wp\/v2\/product\/2100","targetHints":{"allow":["GET"]}}],"collection":[{"href":"https:\/\/herbolariodecorea.es\/index.php\/wp-json\/wp\/v2\/product"}],"about":[{"href":"https:\/\/herbolariodecorea.es\/index.php\/wp-json\/wp\/v2\/types\/product"}],"replies":[{"embeddable":true,"href":"https:\/\/herbolariodecorea.es\/index.php\/wp-json\/wp\/v2\/comments?post=2100"}],"wp:featuredmedia":[{"embeddable":true,"href":"https:\/\/herbolariodecorea.es\/index.php\/wp-json\/wp\/v2\/media\/2208"}],"wp:attachment":[{"href":"https:\/\/herbolariodecorea.es\/index.php\/wp-json\/wp\/v2\/media?parent=2100"}],"wp:term":[{"taxonomy":"product_brand","embeddable":true,"href":"https:\/\/herbolariodecorea.es\/index.php\/wp-json\/wp\/v2\/product_brand?post=2100"},{"taxonomy":"product_cat","embeddable":true,"href":"https:\/\/herbolariodecorea.es\/index.php\/wp-json\/wp\/v2\/product_cat?post=2100"},{"taxonomy":"product_tag","embeddable":true,"href":"https:\/\/herbolariodecorea.es\/index.php\/wp-json\/wp\/v2\/product_tag?post=2100"}],"curies":[{"name":"wp","href":"https:\/\/api.w.org\/{rel}","templated":true}]}}