{"id":2101,"date":"2025-11-14T14:53:52","date_gmt":"2025-11-14T13:53:52","guid":{"rendered":"https:\/\/herbolariodecorea.es\/index.php\/producto\/diet-plus-500ml-sline-control-sakai\/"},"modified":"2025-11-18T17:51:24","modified_gmt":"2025-11-18T16:51:24","slug":"diet-plus-500ml-sline-control-sakai","status":"publish","type":"product","link":"https:\/\/herbolariodecorea.es\/index.php\/producto\/diet-plus-500ml-sline-control-sakai\/","title":{"rendered":"DIET PLUS+ 500ML SLINE CONTROL SAKAI"},"content":{"rendered":"<p>Sline Control Diet Plus+ es un complemento diet\u00e9tico formulado para las personas que quieren perder peso y requieren de un producto bien dotado de quemadores de grasas, que adem\u00e1s cubren otros aspectos como los de drenar las toxinas a nivel renal-diur\u00e9tico as\u00ed como saciantes que nos ayuden a perder la ansiedad por la comida. Se recomienda tomar abundante agua mientras se est\u00e1 utilizando Sline Control Diet Plus+, porque favorece su acci\u00f3n y mantiene una buena hidrataci\u00f3n del organismo.<\/p>\n","protected":false},"excerpt":{"rendered":"<p>Sline Control Diet Plus+ es un complemento diet\u00e9tico formulado para las personas que quieren perder peso y requieren de un producto bien dotado de quemadores de grasas, que adem\u00e1s cubren otros aspectos como los de drenar las toxinas a nivel renal-diur\u00e9tico as\u00ed como saciantes que nos ayuden a perder la ansiedad por la comida. Se recomienda tomar abundante agua mientras se est\u00e1 utilizando Sline Control Diet Plus+, porque favorece su acci\u00f3n y mantiene una buena hidrataci\u00f3n del organismo.<\/p>\n","protected":false},"featured_media":2209,"comment_status":"open","ping_status":"closed","template":"","meta":{"_et_pb_use_builder":"","_et_pb_old_content":"","_et_gb_content_width":""},"product_brand":[],"product_cat":[17],"product_tag":[],"class_list":{"0":"post-2101","1":"product","2":"type-product","3":"status-publish","4":"has-post-thumbnail","6":"product_cat-sin-categorizar","8":"first","9":"instock","10":"shipping-taxable","11":"purchasable","12":"product-type-simple"},"aioseo_notices":[],"_links":{"self":[{"href":"https:\/\/herbolariodecorea.es\/index.php\/wp-json\/wp\/v2\/product\/2101","targetHints":{"allow":["GET"]}}],"collection":[{"href":"https:\/\/herbolariodecorea.es\/index.php\/wp-json\/wp\/v2\/product"}],"about":[{"href":"https:\/\/herbolariodecorea.es\/index.php\/wp-json\/wp\/v2\/types\/product"}],"replies":[{"embeddable":true,"href":"https:\/\/herbolariodecorea.es\/index.php\/wp-json\/wp\/v2\/comments?post=2101"}],"wp:featuredmedia":[{"embeddable":true,"href":"https:\/\/herbolariodecorea.es\/index.php\/wp-json\/wp\/v2\/media\/2209"}],"wp:attachment":[{"href":"https:\/\/herbolariodecorea.es\/index.php\/wp-json\/wp\/v2\/media?parent=2101"}],"wp:term":[{"taxonomy":"product_brand","embeddable":true,"href":"https:\/\/herbolariodecorea.es\/index.php\/wp-json\/wp\/v2\/product_brand?post=2101"},{"taxonomy":"product_cat","embeddable":true,"href":"https:\/\/herbolariodecorea.es\/index.php\/wp-json\/wp\/v2\/product_cat?post=2101"},{"taxonomy":"product_tag","embeddable":true,"href":"https:\/\/herbolariodecorea.es\/index.php\/wp-json\/wp\/v2\/product_tag?post=2101"}],"curies":[{"name":"wp","href":"https:\/\/api.w.org\/{rel}","templated":true}]}}