{"id":2102,"date":"2025-11-14T14:53:52","date_gmt":"2025-11-14T13:53:52","guid":{"rendered":"https:\/\/herbolariodecorea.es\/index.php\/producto\/drenabe-plus-450-ml-sakai\/"},"modified":"2025-11-18T17:52:11","modified_gmt":"2025-11-18T16:52:11","slug":"drenabe-plus-450-ml-sakai","status":"publish","type":"product","link":"https:\/\/herbolariodecorea.es\/index.php\/producto\/drenabe-plus-450-ml-sakai\/","title":{"rendered":"DRENABE PLUS 450 ML SAKAI"},"content":{"rendered":"<p>Sline Control Drenabe Plus de Sakai complemento alimenticio a base de L-carnitina, Caf\u00e9 verde, T\u00e9 verde, Cola de caballo, Abedul, Vara de oro, Ortosif\u00f3n, Diente de le\u00f3n y Alcachofa. Ideal para drenar el exceso de l\u00edquidos acumulados.<\/p>\n","protected":false},"excerpt":{"rendered":"<p>Sline Control Drenabe Plus de Sakai complemento alimenticio a base de L-carnitina, Caf\u00e9 verde, T\u00e9 verde, Cola de caballo, Abedul, Vara de oro, Ortosif\u00f3n, Diente de le\u00f3n y Alcachofa. Ideal para drenar el exceso de l\u00edquidos acumulados.<\/p>\n","protected":false},"featured_media":2210,"comment_status":"open","ping_status":"closed","template":"","meta":{"_et_pb_use_builder":"","_et_pb_old_content":"","_et_gb_content_width":""},"product_brand":[],"product_cat":[17],"product_tag":[],"class_list":{"0":"post-2102","1":"product","2":"type-product","3":"status-publish","4":"has-post-thumbnail","6":"product_cat-sin-categorizar","8":"first","9":"instock","10":"shipping-taxable","11":"purchasable","12":"product-type-simple"},"aioseo_notices":[],"_links":{"self":[{"href":"https:\/\/herbolariodecorea.es\/index.php\/wp-json\/wp\/v2\/product\/2102","targetHints":{"allow":["GET"]}}],"collection":[{"href":"https:\/\/herbolariodecorea.es\/index.php\/wp-json\/wp\/v2\/product"}],"about":[{"href":"https:\/\/herbolariodecorea.es\/index.php\/wp-json\/wp\/v2\/types\/product"}],"replies":[{"embeddable":true,"href":"https:\/\/herbolariodecorea.es\/index.php\/wp-json\/wp\/v2\/comments?post=2102"}],"wp:featuredmedia":[{"embeddable":true,"href":"https:\/\/herbolariodecorea.es\/index.php\/wp-json\/wp\/v2\/media\/2210"}],"wp:attachment":[{"href":"https:\/\/herbolariodecorea.es\/index.php\/wp-json\/wp\/v2\/media?parent=2102"}],"wp:term":[{"taxonomy":"product_brand","embeddable":true,"href":"https:\/\/herbolariodecorea.es\/index.php\/wp-json\/wp\/v2\/product_brand?post=2102"},{"taxonomy":"product_cat","embeddable":true,"href":"https:\/\/herbolariodecorea.es\/index.php\/wp-json\/wp\/v2\/product_cat?post=2102"},{"taxonomy":"product_tag","embeddable":true,"href":"https:\/\/herbolariodecorea.es\/index.php\/wp-json\/wp\/v2\/product_tag?post=2102"}],"curies":[{"name":"wp","href":"https:\/\/api.w.org\/{rel}","templated":true}]}}