{"id":2105,"date":"2025-11-14T14:53:53","date_gmt":"2025-11-14T13:53:53","guid":{"rendered":"https:\/\/herbolariodecorea.es\/index.php\/producto\/erbaven-16-pocket-drink-esi\/"},"modified":"2026-02-26T12:29:55","modified_gmt":"2026-02-26T11:29:55","slug":"erbaven-16-pocket-drink-esi","status":"publish","type":"product","link":"https:\/\/herbolariodecorea.es\/index.php\/producto\/erbaven-16-pocket-drink-esi\/","title":{"rendered":"ERBAVEN 16 POCKET DRINK ESI"},"content":{"rendered":"<p>Erbaven Pocket Drink\u00a0es un complemento alimenticio que ayuda a mejorar la circulaci\u00f3n sangu\u00ednea, especialmente en las piernas. Alivia eficazmente los s\u00edntomas provocados por la insuficiencia venosa leve, como pesadez e hinchaz\u00f3n.<\/p>\n<p>Favorece el drenaje, la microcirculaci\u00f3n y protege los vasos sangu\u00edneos.<\/p>\n<p>Agradable sabor a lim\u00f3n.<\/p>\n","protected":false},"excerpt":{"rendered":"<p>Erbaven Pocket Drink\u00a0es un complemento alimenticio que ayuda a mejorar la circulaci\u00f3n sangu\u00ednea, especialmente en las piernas. Alivia eficazmente los s\u00edntomas provocados por la insuficiencia venosa leve, como pesadez e hinchaz\u00f3n.<\/p>\n","protected":false},"featured_media":2213,"comment_status":"open","ping_status":"closed","template":"","meta":{"_et_pb_use_builder":"","_et_pb_old_content":"","_et_gb_content_width":""},"product_brand":[],"product_cat":[22,17],"product_tag":[],"class_list":{"0":"post-2105","1":"product","2":"type-product","3":"status-publish","4":"has-post-thumbnail","6":"product_cat-en-oferta","7":"product_cat-sin-categorizar","9":"first","10":"instock","11":"sale","12":"shipping-taxable","13":"purchasable","14":"product-type-simple"},"aioseo_notices":[],"_links":{"self":[{"href":"https:\/\/herbolariodecorea.es\/index.php\/wp-json\/wp\/v2\/product\/2105","targetHints":{"allow":["GET"]}}],"collection":[{"href":"https:\/\/herbolariodecorea.es\/index.php\/wp-json\/wp\/v2\/product"}],"about":[{"href":"https:\/\/herbolariodecorea.es\/index.php\/wp-json\/wp\/v2\/types\/product"}],"replies":[{"embeddable":true,"href":"https:\/\/herbolariodecorea.es\/index.php\/wp-json\/wp\/v2\/comments?post=2105"}],"wp:featuredmedia":[{"embeddable":true,"href":"https:\/\/herbolariodecorea.es\/index.php\/wp-json\/wp\/v2\/media\/2213"}],"wp:attachment":[{"href":"https:\/\/herbolariodecorea.es\/index.php\/wp-json\/wp\/v2\/media?parent=2105"}],"wp:term":[{"taxonomy":"product_brand","embeddable":true,"href":"https:\/\/herbolariodecorea.es\/index.php\/wp-json\/wp\/v2\/product_brand?post=2105"},{"taxonomy":"product_cat","embeddable":true,"href":"https:\/\/herbolariodecorea.es\/index.php\/wp-json\/wp\/v2\/product_cat?post=2105"},{"taxonomy":"product_tag","embeddable":true,"href":"https:\/\/herbolariodecorea.es\/index.php\/wp-json\/wp\/v2\/product_tag?post=2105"}],"curies":[{"name":"wp","href":"https:\/\/api.w.org\/{rel}","templated":true}]}}