{"id":2106,"date":"2025-11-14T14:53:53","date_gmt":"2025-11-14T13:53:53","guid":{"rendered":"https:\/\/herbolariodecorea.es\/index.php\/producto\/erbaven-gel-100ml-esi\/"},"modified":"2025-11-18T17:54:18","modified_gmt":"2025-11-18T16:54:18","slug":"erbaven-gel-100ml-esi","status":"publish","type":"product","link":"https:\/\/herbolariodecorea.es\/index.php\/producto\/erbaven-gel-100ml-esi\/","title":{"rendered":"ERBAVEN GEL 100ML ESI"},"content":{"rendered":"<p>El\u00a0gel Erbaven Fresh, elaborado a base de ingredientes naturales, calma eficazmente la sensaci\u00f3n de pesadez y cansancio en las piernas causada por la insuficiencia venosa. Favorece la microcirculaci\u00f3n sangu\u00ednea.<\/p>\n<p>Alivia las piernas cansadas e hinchadas.<\/p>\n<p>Agradable sensaci\u00f3n de frescor.<\/p>\n","protected":false},"excerpt":{"rendered":"<p>El\u00a0gel Erbaven Fresh, elaborado a base de ingredientes naturales, calma eficazmente la sensaci\u00f3n de pesadez y cansancio en las piernas causada por la insuficiencia venosa. Favorece la microcirculaci\u00f3n sangu\u00ednea.<\/p>\n","protected":false},"featured_media":2214,"comment_status":"open","ping_status":"closed","template":"","meta":{"_et_pb_use_builder":"","_et_pb_old_content":"","_et_gb_content_width":""},"product_brand":[],"product_cat":[17],"product_tag":[],"class_list":{"0":"post-2106","1":"product","2":"type-product","3":"status-publish","4":"has-post-thumbnail","6":"product_cat-sin-categorizar","8":"first","9":"instock","10":"shipping-taxable","11":"purchasable","12":"product-type-simple"},"aioseo_notices":[],"_links":{"self":[{"href":"https:\/\/herbolariodecorea.es\/index.php\/wp-json\/wp\/v2\/product\/2106","targetHints":{"allow":["GET"]}}],"collection":[{"href":"https:\/\/herbolariodecorea.es\/index.php\/wp-json\/wp\/v2\/product"}],"about":[{"href":"https:\/\/herbolariodecorea.es\/index.php\/wp-json\/wp\/v2\/types\/product"}],"replies":[{"embeddable":true,"href":"https:\/\/herbolariodecorea.es\/index.php\/wp-json\/wp\/v2\/comments?post=2106"}],"wp:featuredmedia":[{"embeddable":true,"href":"https:\/\/herbolariodecorea.es\/index.php\/wp-json\/wp\/v2\/media\/2214"}],"wp:attachment":[{"href":"https:\/\/herbolariodecorea.es\/index.php\/wp-json\/wp\/v2\/media?parent=2106"}],"wp:term":[{"taxonomy":"product_brand","embeddable":true,"href":"https:\/\/herbolariodecorea.es\/index.php\/wp-json\/wp\/v2\/product_brand?post=2106"},{"taxonomy":"product_cat","embeddable":true,"href":"https:\/\/herbolariodecorea.es\/index.php\/wp-json\/wp\/v2\/product_cat?post=2106"},{"taxonomy":"product_tag","embeddable":true,"href":"https:\/\/herbolariodecorea.es\/index.php\/wp-json\/wp\/v2\/product_tag?post=2106"}],"curies":[{"name":"wp","href":"https:\/\/api.w.org\/{rel}","templated":true}]}}