{"id":2109,"date":"2025-11-14T14:53:54","date_gmt":"2025-11-14T13:53:54","guid":{"rendered":"https:\/\/herbolariodecorea.es\/index.php\/producto\/fostprint-classic-20-viales-soria-natural\/"},"modified":"2025-11-18T17:56:23","modified_gmt":"2025-11-18T16:56:23","slug":"fostprint-classic-20-viales-soria-natural","status":"publish","type":"product","link":"https:\/\/herbolariodecorea.es\/index.php\/producto\/fostprint-classic-20-viales-soria-natural\/","title":{"rendered":"FOSTPRINT CLASSIC 20 VIALES SORIA NATURAL"},"content":{"rendered":"<p>Fost Print es la gama de suplementos energ\u00e9ticos de Soria Natural, que potencian la vitalidad del organismo en estados de requerimientos f\u00edsico e intelectual, en cualquier momento del d\u00eda y en cualquier etapa de nuestra vida, Las vitaminas B2, B5 y B6, ayudan a disminuir el cansancio y la fatiga. El selenio y las Vitaminas B6, B12 y D, contribuyen al funcionamiento normal del sistema inmunitario. El selenio y la Vitamina E, contribuyen a la protecci\u00f3n de las c\u00e9lulas frente al da\u00f1o oxidativo.<\/p>\n","protected":false},"excerpt":{"rendered":"<p>Fost Print es la gama de suplementos energ\u00e9ticos de Soria Natural, que potencian la vitalidad del organismo en estados de requerimientos f\u00edsico e intelectual, en cualquier momento del d\u00eda y en cualquier etapa de nuestra vida, Las vitaminas B2, B5 y B6, ayudan a disminuir el cansancio y la fatiga. El selenio y las Vitaminas B6, B12 y D, contribuyen al funcionamiento normal del sistema inmunitario. El selenio y la Vitamina E, contribuyen a la protecci\u00f3n de las c\u00e9lulas frente al da\u00f1o oxidativo.<\/p>\n","protected":false},"featured_media":2217,"comment_status":"open","ping_status":"closed","template":"","meta":{"_et_pb_use_builder":"","_et_pb_old_content":"","_et_gb_content_width":""},"product_brand":[],"product_cat":[17],"product_tag":[],"class_list":{"0":"post-2109","1":"product","2":"type-product","3":"status-publish","4":"has-post-thumbnail","6":"product_cat-sin-categorizar","8":"first","9":"instock","10":"shipping-taxable","11":"purchasable","12":"product-type-simple"},"aioseo_notices":[],"_links":{"self":[{"href":"https:\/\/herbolariodecorea.es\/index.php\/wp-json\/wp\/v2\/product\/2109","targetHints":{"allow":["GET"]}}],"collection":[{"href":"https:\/\/herbolariodecorea.es\/index.php\/wp-json\/wp\/v2\/product"}],"about":[{"href":"https:\/\/herbolariodecorea.es\/index.php\/wp-json\/wp\/v2\/types\/product"}],"replies":[{"embeddable":true,"href":"https:\/\/herbolariodecorea.es\/index.php\/wp-json\/wp\/v2\/comments?post=2109"}],"wp:featuredmedia":[{"embeddable":true,"href":"https:\/\/herbolariodecorea.es\/index.php\/wp-json\/wp\/v2\/media\/2217"}],"wp:attachment":[{"href":"https:\/\/herbolariodecorea.es\/index.php\/wp-json\/wp\/v2\/media?parent=2109"}],"wp:term":[{"taxonomy":"product_brand","embeddable":true,"href":"https:\/\/herbolariodecorea.es\/index.php\/wp-json\/wp\/v2\/product_brand?post=2109"},{"taxonomy":"product_cat","embeddable":true,"href":"https:\/\/herbolariodecorea.es\/index.php\/wp-json\/wp\/v2\/product_cat?post=2109"},{"taxonomy":"product_tag","embeddable":true,"href":"https:\/\/herbolariodecorea.es\/index.php\/wp-json\/wp\/v2\/product_tag?post=2109"}],"curies":[{"name":"wp","href":"https:\/\/api.w.org\/{rel}","templated":true}]}}