{"id":2112,"date":"2025-11-14T14:53:54","date_gmt":"2025-11-14T13:53:54","guid":{"rendered":"https:\/\/herbolariodecorea.es\/index.php\/producto\/go-up-amino-boost-30-sobres-esi\/"},"modified":"2026-03-09T13:53:15","modified_gmt":"2026-03-09T12:53:15","slug":"go-up-amino-boost-30-sobres-esi","status":"publish","type":"product","link":"https:\/\/herbolariodecorea.es\/index.php\/producto\/go-up-amino-boost-30-sobres-esi\/","title":{"rendered":"GO UP AMINO BOOST 30 SOBRES ESI"},"content":{"rendered":"<p>Descubre el poder de Esi Go Up Amino Boost, un complemento alimenticio dise\u00f1ado para quienes buscan maximizar su rendimiento f\u00edsico y mental. Presentado en pr\u00e1cticos sobres individuales, este polvo soluble combina amino\u00e1cidos, vitaminas y minerales esenciales que potencian la energ\u00eda y reducen la fatiga. Ideal para quienes desean mejorar su desempe\u00f1o en el gimnasio y en la vida diaria, Esi Go Up Amino Boost es la soluci\u00f3n perfecta para alcanzar nuevas metas de fitness y bienestar. Este producto es ideal para atletas, deportistas y cualquier persona que busque mejorar su rendimiento f\u00edsico y mental. Es perfecto para quienes desean aumentar su energ\u00eda y reducir la fatiga, ya sea en el gimnasio o en su rutina diaria. Tambi\u00e9n es un complemento adecuado para personas mayores y convalecientes, despu\u00e9s de una cirug\u00eda o personas con poca movilidad. Esi Go Up Amino Boost es especialmente adecuado para aquellos que buscan un impulso extra para alcanzar sus metas de fitness y mejorar su composici\u00f3n corporal. Su f\u00f3rmula avanzada lo convierte en un aliado esencial para quienes desean llevar su rendimiento al siguiente nivel.<\/p>\n","protected":false},"excerpt":{"rendered":"<p>Descubre el poder de Esi Go Up Amino Boost, un complemento alimenticio dise\u00f1ado para quienes buscan maximizar su rendimiento f\u00edsico y mental. Presentado en pr\u00e1cticos sobres individuales, este polvo soluble combina amino\u00e1cidos, vitaminas y minerales esenciales que potencian la energ\u00eda y reducen la fatiga. Ideal para quienes desean mejorar su desempe\u00f1o en el gimnasio y en la vida diaria, Esi Go Up Amino Boost es la soluci\u00f3n perfecta para alcanzar nuevas metas de fitness y bienestar. Este producto es ideal para atletas, deportistas y cualquier persona que busque mejorar su rendimiento f\u00edsico y mental. Es perfecto para quienes desean aumentar su energ\u00eda y reducir la fatiga, ya sea en el gimnasio o en su rutina diaria. Tambi\u00e9n es un complemento adecuado para personas mayores y convalecientes, despu\u00e9s de una cirug\u00eda o personas con poca movilidad. Esi Go Up Amino Boost es especialmente adecuado para aquellos que buscan un impulso extra para alcanzar sus metas de fitness y mejorar su composici\u00f3n corporal. Su f\u00f3rmula avanzada lo convierte en un aliado esencial para quienes desean llevar su rendimiento al siguiente nivel.<\/p>\n","protected":false},"featured_media":2220,"comment_status":"open","ping_status":"closed","template":"","meta":{"_et_pb_use_builder":"","_et_pb_old_content":"","_et_gb_content_width":""},"product_brand":[],"product_cat":[17],"product_tag":[],"class_list":{"0":"post-2112","1":"product","2":"type-product","3":"status-publish","4":"has-post-thumbnail","6":"product_cat-sin-categorizar","8":"first","9":"outofstock","10":"shipping-taxable","11":"purchasable","12":"product-type-simple"},"aioseo_notices":[],"_links":{"self":[{"href":"https:\/\/herbolariodecorea.es\/index.php\/wp-json\/wp\/v2\/product\/2112","targetHints":{"allow":["GET"]}}],"collection":[{"href":"https:\/\/herbolariodecorea.es\/index.php\/wp-json\/wp\/v2\/product"}],"about":[{"href":"https:\/\/herbolariodecorea.es\/index.php\/wp-json\/wp\/v2\/types\/product"}],"replies":[{"embeddable":true,"href":"https:\/\/herbolariodecorea.es\/index.php\/wp-json\/wp\/v2\/comments?post=2112"}],"wp:featuredmedia":[{"embeddable":true,"href":"https:\/\/herbolariodecorea.es\/index.php\/wp-json\/wp\/v2\/media\/2220"}],"wp:attachment":[{"href":"https:\/\/herbolariodecorea.es\/index.php\/wp-json\/wp\/v2\/media?parent=2112"}],"wp:term":[{"taxonomy":"product_brand","embeddable":true,"href":"https:\/\/herbolariodecorea.es\/index.php\/wp-json\/wp\/v2\/product_brand?post=2112"},{"taxonomy":"product_cat","embeddable":true,"href":"https:\/\/herbolariodecorea.es\/index.php\/wp-json\/wp\/v2\/product_cat?post=2112"},{"taxonomy":"product_tag","embeddable":true,"href":"https:\/\/herbolariodecorea.es\/index.php\/wp-json\/wp\/v2\/product_tag?post=2112"}],"curies":[{"name":"wp","href":"https:\/\/api.w.org\/{rel}","templated":true}]}}