{"id":2114,"date":"2025-11-14T14:53:55","date_gmt":"2025-11-14T13:53:55","guid":{"rendered":"https:\/\/herbolariodecorea.es\/index.php\/producto\/gummy-multivit-60-gomis-soria-natural\/"},"modified":"2026-03-09T15:06:22","modified_gmt":"2026-03-09T14:06:22","slug":"gummy-multivit-60-gomis-soria-natural","status":"publish","type":"product","link":"https:\/\/herbolariodecorea.es\/index.php\/producto\/gummy-multivit-60-gomis-soria-natural\/","title":{"rendered":"GUMMY MULTIVIT 60 GOMIS. SORIA NATURAL"},"content":{"rendered":"<p>Energ\u00eda y vitalidad. Gominolas elaboradas con vitaminas A, B1, B5, B6, B12, C, D y E, magnesio, zinc, cromo, \u00e1cido f\u00f3lico, yodo y biotina. Las vitaminas C, B5, B6 y B12, contribuyen al metabolismo energ\u00e9tico normal y ayudan a disminuir el cansancio y la fatiga.<\/p>\n","protected":false},"excerpt":{"rendered":"<p>Energ\u00eda y vitalidad. Gominolas elaboradas con vitaminas A, B1, B5, B6, B12, C, D y E, magnesio, zinc, cromo, \u00e1cido f\u00f3lico, yodo y biotina. Las vitaminas C, B5, B6 y B12, contribuyen al metabolismo energ\u00e9tico normal y ayudan a disminuir el cansancio y la fatiga.<\/p>\n","protected":false},"featured_media":2222,"comment_status":"open","ping_status":"closed","template":"","meta":{"_et_pb_use_builder":"","_et_pb_old_content":"","_et_gb_content_width":""},"product_brand":[],"product_cat":[22,17],"product_tag":[],"class_list":{"0":"post-2114","1":"product","2":"type-product","3":"status-publish","4":"has-post-thumbnail","6":"product_cat-en-oferta","7":"product_cat-sin-categorizar","9":"first","10":"instock","11":"sale","12":"shipping-taxable","13":"purchasable","14":"product-type-simple"},"aioseo_notices":[],"_links":{"self":[{"href":"https:\/\/herbolariodecorea.es\/index.php\/wp-json\/wp\/v2\/product\/2114","targetHints":{"allow":["GET"]}}],"collection":[{"href":"https:\/\/herbolariodecorea.es\/index.php\/wp-json\/wp\/v2\/product"}],"about":[{"href":"https:\/\/herbolariodecorea.es\/index.php\/wp-json\/wp\/v2\/types\/product"}],"replies":[{"embeddable":true,"href":"https:\/\/herbolariodecorea.es\/index.php\/wp-json\/wp\/v2\/comments?post=2114"}],"wp:featuredmedia":[{"embeddable":true,"href":"https:\/\/herbolariodecorea.es\/index.php\/wp-json\/wp\/v2\/media\/2222"}],"wp:attachment":[{"href":"https:\/\/herbolariodecorea.es\/index.php\/wp-json\/wp\/v2\/media?parent=2114"}],"wp:term":[{"taxonomy":"product_brand","embeddable":true,"href":"https:\/\/herbolariodecorea.es\/index.php\/wp-json\/wp\/v2\/product_brand?post=2114"},{"taxonomy":"product_cat","embeddable":true,"href":"https:\/\/herbolariodecorea.es\/index.php\/wp-json\/wp\/v2\/product_cat?post=2114"},{"taxonomy":"product_tag","embeddable":true,"href":"https:\/\/herbolariodecorea.es\/index.php\/wp-json\/wp\/v2\/product_tag?post=2114"}],"curies":[{"name":"wp","href":"https:\/\/api.w.org\/{rel}","templated":true}]}}