{"id":2116,"date":"2025-11-14T14:53:55","date_gmt":"2025-11-14T13:53:55","guid":{"rendered":"https:\/\/herbolariodecorea.es\/index.php\/producto\/immunilflor-forte-12-viales-esi\/"},"modified":"2026-02-26T12:31:01","modified_gmt":"2026-02-26T11:31:01","slug":"immunilflor-forte-12-viales-esi","status":"publish","type":"product","link":"https:\/\/herbolariodecorea.es\/index.php\/producto\/immunilflor-forte-12-viales-esi\/","title":{"rendered":"IMMUNILFLOR FORTE 12 VIALES ESI"},"content":{"rendered":"<p>La Equin\u00e1cea y el Sa\u00faco son \u00fatiles para favorecer las defensas naturales del organismo y la funcionalidad de las primeras v\u00edas respiratorias. La papaya favorece las defensas naturales del organismo y tiene propiedades antioxidantes. La Vitamina c, la vitamina o y el Zinc contribuyen al funcionamiento normal del sistema inmunitario. El Zinc contribuye tambi\u00e9n a la protecci\u00f3n de las c\u00e9lulas frente al estr\u00e9s oxidativo. Contiene dos mil millones\/dosis de fermentos tindalizados (no vitales).<\/p>\n<p>La Miel de Manuka, originaria de Nueva Zelanda, se produce a partir del polen de las flores de manuka. Debido a que nace en un ambiente libre de contaminaci\u00f3n, es una miel de consistencia rica y muy sabrosa. Los maor\u00edes llevan siglos utilizando su miel y los aceites que se extraen de sus flores por sus ben\u00e9ficas propiedades.<\/p>\n","protected":false},"excerpt":{"rendered":"<p>La Equin\u00e1cea y el Sa\u00faco son \u00fatiles para favorecer las defensas naturales del organismo y la funcionalidad de las primeras v\u00edas respiratorias. La papaya favorece las defensas naturales del organismo y tiene propiedades antioxidantes. La Vitamina c, la vitamina o y el Zinc contribuyen al funcionamiento normal del sistema inmunitario. El Zinc contribuye tambi\u00e9n a la protecci\u00f3n de las c\u00e9lulas frente al estr\u00e9s oxidativo. Contiene dos mil millones\/dosis de fermentos tindalizados (no vitales).<\/p>\n","protected":false},"featured_media":2224,"comment_status":"open","ping_status":"closed","template":"","meta":{"_et_pb_use_builder":"","_et_pb_old_content":"","_et_gb_content_width":""},"product_brand":[],"product_cat":[22,17],"product_tag":[],"class_list":{"0":"post-2116","1":"product","2":"type-product","3":"status-publish","4":"has-post-thumbnail","6":"product_cat-en-oferta","7":"product_cat-sin-categorizar","9":"first","10":"instock","11":"sale","12":"shipping-taxable","13":"purchasable","14":"product-type-simple"},"aioseo_notices":[],"_links":{"self":[{"href":"https:\/\/herbolariodecorea.es\/index.php\/wp-json\/wp\/v2\/product\/2116","targetHints":{"allow":["GET"]}}],"collection":[{"href":"https:\/\/herbolariodecorea.es\/index.php\/wp-json\/wp\/v2\/product"}],"about":[{"href":"https:\/\/herbolariodecorea.es\/index.php\/wp-json\/wp\/v2\/types\/product"}],"replies":[{"embeddable":true,"href":"https:\/\/herbolariodecorea.es\/index.php\/wp-json\/wp\/v2\/comments?post=2116"}],"wp:featuredmedia":[{"embeddable":true,"href":"https:\/\/herbolariodecorea.es\/index.php\/wp-json\/wp\/v2\/media\/2224"}],"wp:attachment":[{"href":"https:\/\/herbolariodecorea.es\/index.php\/wp-json\/wp\/v2\/media?parent=2116"}],"wp:term":[{"taxonomy":"product_brand","embeddable":true,"href":"https:\/\/herbolariodecorea.es\/index.php\/wp-json\/wp\/v2\/product_brand?post=2116"},{"taxonomy":"product_cat","embeddable":true,"href":"https:\/\/herbolariodecorea.es\/index.php\/wp-json\/wp\/v2\/product_cat?post=2116"},{"taxonomy":"product_tag","embeddable":true,"href":"https:\/\/herbolariodecorea.es\/index.php\/wp-json\/wp\/v2\/product_tag?post=2116"}],"curies":[{"name":"wp","href":"https:\/\/api.w.org\/{rel}","templated":true}]}}