{"id":2118,"date":"2025-11-14T14:53:55","date_gmt":"2025-11-14T13:53:55","guid":{"rendered":"https:\/\/herbolariodecorea.es\/index.php\/producto\/imunit-grip-15-sobres-derbos\/"},"modified":"2025-11-27T14:09:25","modified_gmt":"2025-11-27T13:09:25","slug":"imunit-grip-15-sobres-derbos","status":"publish","type":"product","link":"https:\/\/herbolariodecorea.es\/index.php\/producto\/imunit-grip-15-sobres-derbos\/","title":{"rendered":"IMUNIT GRIP 15 SOBRES DERB\u00d3S"},"content":{"rendered":"<p>Contribuye al funcionamiento normal del sistema inmunitario, especialmente durante los efectos de una agresi\u00f3n microbiol\u00f3gica. Imunit Grip es un complemento alimenticio con una base 100% natural de frutas de Bajo \u00cdndice Gluc\u00e9mico con extractos de plantas y Vitamina C que contribuyen al normal funcionamiento del sistema inmunitario en casos de gripes o catarros, actuando de forma directa contra los agentes microbiol\u00f3gicos que provocan alteraciones en nuestro organismo. Destaca en su composici\u00f3n su alto contenido en Polifenoles, m\u00ednimo del 4%. Estos son los responsables de los efectos como antioxidante, antimicrobiano y antiviral, inmunomodulador, antiinflamatorio, espasmol\u00edtico y gatroprotectivo.<\/p>\n","protected":false},"excerpt":{"rendered":"<p>Contribuye al funcionamiento normal del sistema inmunitario, especialmente durante los efectos de una agresi\u00f3n microbiol\u00f3gica. Imunit Grip es un complemento alimenticio con una base 100% natural de frutas de Bajo \u00cdndice Gluc\u00e9mico con extractos de plantas y Vitamina C que contribuyen al normal funcionamiento del sistema inmunitario en casos de gripes o catarros, actuando de forma directa contra los agentes microbiol\u00f3gicos que provocan alteraciones en nuestro organismo. Destaca en su composici\u00f3n su alto contenido en Polifenoles, m\u00ednimo del 4%. Estos son los responsables de los efectos como antioxidante, antimicrobiano y antiviral, inmunomodulador, antiinflamatorio, espasmol\u00edtico y gatroprotectivo.<\/p>\n","protected":false},"featured_media":2227,"comment_status":"open","ping_status":"closed","template":"","meta":{"_et_pb_use_builder":"","_et_pb_old_content":"","_et_gb_content_width":""},"product_brand":[],"product_cat":[17],"product_tag":[],"class_list":{"0":"post-2118","1":"product","2":"type-product","3":"status-publish","4":"has-post-thumbnail","6":"product_cat-sin-categorizar","8":"first","9":"instock","10":"shipping-taxable","11":"purchasable","12":"product-type-simple"},"aioseo_notices":[],"_links":{"self":[{"href":"https:\/\/herbolariodecorea.es\/index.php\/wp-json\/wp\/v2\/product\/2118","targetHints":{"allow":["GET"]}}],"collection":[{"href":"https:\/\/herbolariodecorea.es\/index.php\/wp-json\/wp\/v2\/product"}],"about":[{"href":"https:\/\/herbolariodecorea.es\/index.php\/wp-json\/wp\/v2\/types\/product"}],"replies":[{"embeddable":true,"href":"https:\/\/herbolariodecorea.es\/index.php\/wp-json\/wp\/v2\/comments?post=2118"}],"wp:featuredmedia":[{"embeddable":true,"href":"https:\/\/herbolariodecorea.es\/index.php\/wp-json\/wp\/v2\/media\/2227"}],"wp:attachment":[{"href":"https:\/\/herbolariodecorea.es\/index.php\/wp-json\/wp\/v2\/media?parent=2118"}],"wp:term":[{"taxonomy":"product_brand","embeddable":true,"href":"https:\/\/herbolariodecorea.es\/index.php\/wp-json\/wp\/v2\/product_brand?post=2118"},{"taxonomy":"product_cat","embeddable":true,"href":"https:\/\/herbolariodecorea.es\/index.php\/wp-json\/wp\/v2\/product_cat?post=2118"},{"taxonomy":"product_tag","embeddable":true,"href":"https:\/\/herbolariodecorea.es\/index.php\/wp-json\/wp\/v2\/product_tag?post=2118"}],"curies":[{"name":"wp","href":"https:\/\/api.w.org\/{rel}","templated":true}]}}