{"id":2125,"date":"2025-11-14T14:53:57","date_gmt":"2025-11-14T13:53:57","guid":{"rendered":"https:\/\/herbolariodecorea.es\/index.php\/producto\/levatrig-60-caps-bioserum\/"},"modified":"2025-11-27T14:19:14","modified_gmt":"2025-11-27T13:19:14","slug":"levatrig-60-caps-bioserum","status":"publish","type":"product","link":"https:\/\/herbolariodecorea.es\/index.php\/producto\/levatrig-60-caps-bioserum\/","title":{"rendered":"LEVATRIG 60 C\u00c1PS. BIOSERUM"},"content":{"rendered":"<p>Contribuye al buen mantenimiento de la piel, cabello y u\u00f1as. El estr\u00e9s, las alteraciones hormonales y la poluci\u00f3n pueden afectarnos produciendo alteraciones en la piel, cabello y u\u00f1as. Para su equilibrio debemos aportar a nuestro organismo una serie de vitaminas, minerales y amino\u00e1cidos. Levatrig es un complemento alimenticio que contiene levadura viva de cerveza y germen de trigo. La levadura de cerveza viva y germen de trigo son ricos en prote\u00ednas con un 40% de amino\u00e1cidos esenciales.<\/p>\n","protected":false},"excerpt":{"rendered":"<p>Contribuye al buen mantenimiento de la piel, cabello y u\u00f1as. El estr\u00e9s, las alteraciones hormonales y la poluci\u00f3n pueden afectarnos produciendo alteraciones en la piel, cabello y u\u00f1as. Para su equilibrio debemos aportar a nuestro organismo una serie de vitaminas, minerales y amino\u00e1cidos. Levatrig es un complemento alimenticio que contiene levadura viva de cerveza y germen de trigo. La levadura de cerveza viva y germen de trigo son ricos en prote\u00ednas con un 40% de amino\u00e1cidos esenciales.<\/p>\n","protected":false},"featured_media":2234,"comment_status":"open","ping_status":"closed","template":"","meta":{"_et_pb_use_builder":"","_et_pb_old_content":"","_et_gb_content_width":""},"product_brand":[],"product_cat":[17],"product_tag":[],"class_list":{"0":"post-2125","1":"product","2":"type-product","3":"status-publish","4":"has-post-thumbnail","6":"product_cat-sin-categorizar","8":"first","9":"instock","10":"shipping-taxable","11":"purchasable","12":"product-type-simple"},"aioseo_notices":[],"_links":{"self":[{"href":"https:\/\/herbolariodecorea.es\/index.php\/wp-json\/wp\/v2\/product\/2125","targetHints":{"allow":["GET"]}}],"collection":[{"href":"https:\/\/herbolariodecorea.es\/index.php\/wp-json\/wp\/v2\/product"}],"about":[{"href":"https:\/\/herbolariodecorea.es\/index.php\/wp-json\/wp\/v2\/types\/product"}],"replies":[{"embeddable":true,"href":"https:\/\/herbolariodecorea.es\/index.php\/wp-json\/wp\/v2\/comments?post=2125"}],"wp:featuredmedia":[{"embeddable":true,"href":"https:\/\/herbolariodecorea.es\/index.php\/wp-json\/wp\/v2\/media\/2234"}],"wp:attachment":[{"href":"https:\/\/herbolariodecorea.es\/index.php\/wp-json\/wp\/v2\/media?parent=2125"}],"wp:term":[{"taxonomy":"product_brand","embeddable":true,"href":"https:\/\/herbolariodecorea.es\/index.php\/wp-json\/wp\/v2\/product_brand?post=2125"},{"taxonomy":"product_cat","embeddable":true,"href":"https:\/\/herbolariodecorea.es\/index.php\/wp-json\/wp\/v2\/product_cat?post=2125"},{"taxonomy":"product_tag","embeddable":true,"href":"https:\/\/herbolariodecorea.es\/index.php\/wp-json\/wp\/v2\/product_tag?post=2125"}],"curies":[{"name":"wp","href":"https:\/\/api.w.org\/{rel}","templated":true}]}}