{"id":2126,"date":"2025-11-14T14:53:57","date_gmt":"2025-11-14T13:53:57","guid":{"rendered":"https:\/\/herbolariodecorea.es\/index.php\/producto\/long-relax-30comps-plameca\/"},"modified":"2025-11-27T14:19:40","modified_gmt":"2025-11-27T13:19:40","slug":"long-relax-30comps-plameca","status":"publish","type":"product","link":"https:\/\/herbolariodecorea.es\/index.php\/producto\/long-relax-30comps-plameca\/","title":{"rendered":"LONG RELAX 30COMPS. PLAMECA"},"content":{"rendered":"<p>Comprimidos bicapa con extractos bot\u00e1nicos y adapt\u00f3genos, formulados para ayudar al a relajaci\u00f3n con un \u00fanico comprimido diario. Contiene melisa y pasiflora que ayudan a la relajaci\u00f3n. Contiene magnesio que contribuye al funcionamiento normal del sistema nervioso y a la funci\u00f3n psicol\u00f3gica.<\/p>\n","protected":false},"excerpt":{"rendered":"<p>Comprimidos bicapa con extractos bot\u00e1nicos y adapt\u00f3genos, formulados para ayudar al a relajaci\u00f3n con un \u00fanico comprimido diario. Contiene melisa y pasiflora que ayudan a la relajaci\u00f3n. Contiene magnesio que contribuye al funcionamiento normal del sistema nervioso y a la funci\u00f3n psicol\u00f3gica.<\/p>\n","protected":false},"featured_media":2235,"comment_status":"open","ping_status":"closed","template":"","meta":{"_et_pb_use_builder":"","_et_pb_old_content":"","_et_gb_content_width":""},"product_brand":[],"product_cat":[17],"product_tag":[],"class_list":{"0":"post-2126","1":"product","2":"type-product","3":"status-publish","4":"has-post-thumbnail","6":"product_cat-sin-categorizar","8":"first","9":"instock","10":"shipping-taxable","11":"purchasable","12":"product-type-simple"},"aioseo_notices":[],"_links":{"self":[{"href":"https:\/\/herbolariodecorea.es\/index.php\/wp-json\/wp\/v2\/product\/2126","targetHints":{"allow":["GET"]}}],"collection":[{"href":"https:\/\/herbolariodecorea.es\/index.php\/wp-json\/wp\/v2\/product"}],"about":[{"href":"https:\/\/herbolariodecorea.es\/index.php\/wp-json\/wp\/v2\/types\/product"}],"replies":[{"embeddable":true,"href":"https:\/\/herbolariodecorea.es\/index.php\/wp-json\/wp\/v2\/comments?post=2126"}],"wp:featuredmedia":[{"embeddable":true,"href":"https:\/\/herbolariodecorea.es\/index.php\/wp-json\/wp\/v2\/media\/2235"}],"wp:attachment":[{"href":"https:\/\/herbolariodecorea.es\/index.php\/wp-json\/wp\/v2\/media?parent=2126"}],"wp:term":[{"taxonomy":"product_brand","embeddable":true,"href":"https:\/\/herbolariodecorea.es\/index.php\/wp-json\/wp\/v2\/product_brand?post=2126"},{"taxonomy":"product_cat","embeddable":true,"href":"https:\/\/herbolariodecorea.es\/index.php\/wp-json\/wp\/v2\/product_cat?post=2126"},{"taxonomy":"product_tag","embeddable":true,"href":"https:\/\/herbolariodecorea.es\/index.php\/wp-json\/wp\/v2\/product_tag?post=2126"}],"curies":[{"name":"wp","href":"https:\/\/api.w.org\/{rel}","templated":true}]}}