{"id":2129,"date":"2025-11-14T14:53:59","date_gmt":"2025-11-14T13:53:59","guid":{"rendered":"https:\/\/herbolariodecorea.es\/index.php\/producto\/magnesio-taurato-90-comps-kal\/"},"modified":"2026-03-03T12:00:37","modified_gmt":"2026-03-03T11:00:37","slug":"magnesio-taurato-90-comps-kal","status":"publish","type":"product","link":"https:\/\/herbolariodecorea.es\/index.php\/producto\/magnesio-taurato-90-comps-kal\/","title":{"rendered":"MAGNESIO TAURATO 90 COMPS. KAL"},"content":{"rendered":"<p>El Magnesium taurate es una forma quedada de magnesio con el amino\u00e1cido taurina. El producto est\u00e1 formulado para dar apoyo a un correcto funcionamiento cardiovascular. Es una f\u00f3rmula apta para veganos y no contiene gluten. Adem\u00e1s, contiene una base Actisorb para mejorar el poder de absorci\u00f3n con: pimienta negra, cayena, jengibre, romero y c\u00farcuma y vitamina B6 en forma de piridoxal-5-fosfato. La Vitamina B6 apoya la formaci\u00f3n de energ\u00eda a nivel celular y la funci\u00f3n nerviosa. La f\u00f3rmula es una potente combinaci\u00f3n de ingredientes para conseguir un \u00f3ptimo funcionamiento card\u00edaco. (taurina, magnesio, vitamina B6). La taurina es un amino\u00e1cido que es utilizado en el organismo para el transporte de magnesio dentro y fuera de la c\u00e9lula por ej. En el balance de electrolitos.<\/p>\n","protected":false},"excerpt":{"rendered":"<p>El Magnesium taurate es una forma quedada de magnesio con el amino\u00e1cido taurina. El producto est\u00e1 formulado para dar apoyo a un correcto funcionamiento cardiovascular. Es una f\u00f3rmula apta para veganos y no contiene gluten. Adem\u00e1s, contiene una base Actisorb para mejorar el poder de absorci\u00f3n con: pimienta negra, cayena, jengibre, romero y c\u00farcuma y vitamina B6 en forma de piridoxal-5-fosfato. La Vitamina B6 apoya la formaci\u00f3n de energ\u00eda a nivel celular y la funci\u00f3n nerviosa. La f\u00f3rmula es una potente combinaci\u00f3n de ingredientes para conseguir un \u00f3ptimo funcionamiento card\u00edaco. (taurina, magnesio, vitamina B6). La taurina es un amino\u00e1cido que es utilizado en el organismo para el transporte de magnesio dentro y fuera de la c\u00e9lula por ej. En el balance de electrolitos.<\/p>\n","protected":false},"featured_media":2238,"comment_status":"open","ping_status":"closed","template":"","meta":{"_et_pb_use_builder":"","_et_pb_old_content":"","_et_gb_content_width":""},"product_brand":[],"product_cat":[17],"product_tag":[],"class_list":{"0":"post-2129","1":"product","2":"type-product","3":"status-publish","4":"has-post-thumbnail","6":"product_cat-sin-categorizar","8":"first","9":"instock","10":"shipping-taxable","11":"purchasable","12":"product-type-simple"},"aioseo_notices":[],"_links":{"self":[{"href":"https:\/\/herbolariodecorea.es\/index.php\/wp-json\/wp\/v2\/product\/2129","targetHints":{"allow":["GET"]}}],"collection":[{"href":"https:\/\/herbolariodecorea.es\/index.php\/wp-json\/wp\/v2\/product"}],"about":[{"href":"https:\/\/herbolariodecorea.es\/index.php\/wp-json\/wp\/v2\/types\/product"}],"replies":[{"embeddable":true,"href":"https:\/\/herbolariodecorea.es\/index.php\/wp-json\/wp\/v2\/comments?post=2129"}],"wp:featuredmedia":[{"embeddable":true,"href":"https:\/\/herbolariodecorea.es\/index.php\/wp-json\/wp\/v2\/media\/2238"}],"wp:attachment":[{"href":"https:\/\/herbolariodecorea.es\/index.php\/wp-json\/wp\/v2\/media?parent=2129"}],"wp:term":[{"taxonomy":"product_brand","embeddable":true,"href":"https:\/\/herbolariodecorea.es\/index.php\/wp-json\/wp\/v2\/product_brand?post=2129"},{"taxonomy":"product_cat","embeddable":true,"href":"https:\/\/herbolariodecorea.es\/index.php\/wp-json\/wp\/v2\/product_cat?post=2129"},{"taxonomy":"product_tag","embeddable":true,"href":"https:\/\/herbolariodecorea.es\/index.php\/wp-json\/wp\/v2\/product_tag?post=2129"}],"curies":[{"name":"wp","href":"https:\/\/api.w.org\/{rel}","templated":true}]}}