{"id":2133,"date":"2025-11-14T14:53:59","date_gmt":"2025-11-14T13:53:59","guid":{"rendered":"https:\/\/herbolariodecorea.es\/index.php\/producto\/melatonina-gotas-18mg-50-ml-soria-natural\/"},"modified":"2025-11-27T14:56:06","modified_gmt":"2025-11-27T13:56:06","slug":"melatonina-gotas-18mg-50-ml-soria-natural","status":"publish","type":"product","link":"https:\/\/herbolariodecorea.es\/index.php\/producto\/melatonina-gotas-18mg-50-ml-soria-natural\/","title":{"rendered":"MELATONINA GOTAS 1,8MG 50 ML SORIA NATURAL"},"content":{"rendered":"<p>Ayuda a conciliar el sue\u00f1o. Para toda la familia. La melatonina, 100 % pura (1.8 mg), contribuye a la reducci\u00f3n del tiempo necesario para conciliar el sue\u00f1o* y el alivio de la sensaci\u00f3n subjetiva del jet lag. Con sabor fresa \u00e1cida, es apta para toda la familia. La s\u00edntesis y liberaci\u00f3n de la melatonina son estimuladas por la oscuridad y suprimidas por la luz natural o artificial, por lo que ayuda a mejorar el ciclo sue\u00f1o-vigilia, contribuyendo a mejorar la calidad del sue\u00f1o.<\/p>\n","protected":false},"excerpt":{"rendered":"<p>Ayuda a conciliar el sue\u00f1o. Para toda la familia. La melatonina, 100 % pura (1.8 mg), contribuye a la reducci\u00f3n del tiempo necesario para conciliar el sue\u00f1o* y el alivio de la sensaci\u00f3n subjetiva del jet lag. Con sabor fresa \u00e1cida, es apta para toda la familia. La s\u00edntesis y liberaci\u00f3n de la melatonina son estimuladas por la oscuridad y suprimidas por la luz natural o artificial, por lo que ayuda a mejorar el ciclo sue\u00f1o-vigilia, contribuyendo a mejorar la calidad del sue\u00f1o.<\/p>\n","protected":false},"featured_media":2279,"comment_status":"open","ping_status":"closed","template":"","meta":{"_et_pb_use_builder":"","_et_pb_old_content":"","_et_gb_content_width":""},"product_brand":[],"product_cat":[17],"product_tag":[],"class_list":{"0":"post-2133","1":"product","2":"type-product","3":"status-publish","4":"has-post-thumbnail","6":"product_cat-sin-categorizar","8":"first","9":"instock","10":"shipping-taxable","11":"purchasable","12":"product-type-simple"},"aioseo_notices":[],"_links":{"self":[{"href":"https:\/\/herbolariodecorea.es\/index.php\/wp-json\/wp\/v2\/product\/2133","targetHints":{"allow":["GET"]}}],"collection":[{"href":"https:\/\/herbolariodecorea.es\/index.php\/wp-json\/wp\/v2\/product"}],"about":[{"href":"https:\/\/herbolariodecorea.es\/index.php\/wp-json\/wp\/v2\/types\/product"}],"replies":[{"embeddable":true,"href":"https:\/\/herbolariodecorea.es\/index.php\/wp-json\/wp\/v2\/comments?post=2133"}],"wp:featuredmedia":[{"embeddable":true,"href":"https:\/\/herbolariodecorea.es\/index.php\/wp-json\/wp\/v2\/media\/2279"}],"wp:attachment":[{"href":"https:\/\/herbolariodecorea.es\/index.php\/wp-json\/wp\/v2\/media?parent=2133"}],"wp:term":[{"taxonomy":"product_brand","embeddable":true,"href":"https:\/\/herbolariodecorea.es\/index.php\/wp-json\/wp\/v2\/product_brand?post=2133"},{"taxonomy":"product_cat","embeddable":true,"href":"https:\/\/herbolariodecorea.es\/index.php\/wp-json\/wp\/v2\/product_cat?post=2133"},{"taxonomy":"product_tag","embeddable":true,"href":"https:\/\/herbolariodecorea.es\/index.php\/wp-json\/wp\/v2\/product_tag?post=2133"}],"curies":[{"name":"wp","href":"https:\/\/api.w.org\/{rel}","templated":true}]}}