{"id":2135,"date":"2025-11-14T14:54:00","date_gmt":"2025-11-14T13:54:00","guid":{"rendered":"https:\/\/herbolariodecorea.es\/index.php\/producto\/mensulan-femina-60-caps-derbos\/"},"modified":"2025-11-27T14:24:48","modified_gmt":"2025-11-27T13:24:48","slug":"mensulan-femina-60-caps-derbos","status":"publish","type":"product","link":"https:\/\/herbolariodecorea.es\/index.php\/producto\/mensulan-femina-60-caps-derbos\/","title":{"rendered":"MENSULAN F\u00c9MINA 60 C\u00c1PS. DERB\u00d3S"},"content":{"rendered":"<p>Mensulan Femina nos aporta isoflavonas de soja, estas tienen en el organismo una acci\u00f3n parecida a los estr\u00f3genos y por tanto reducen los s\u00edntomas que la menopausia provoca. Adem\u00e1s est\u00e1 complementado con cola de caballo, salvia, onagra y borraja para ayudar a aliviar los s\u00edntomas. El Sauzgatillo contribuye a aliviar los s\u00edntomas de la menopausia y al equilibrio hormonal femenino durante el climaterio. La salvia contribuye al confort menop\u00e1usico.<\/p>\n","protected":false},"excerpt":{"rendered":"<p>Mensulan Femina nos aporta isoflavonas de soja, estas tienen en el organismo una acci\u00f3n parecida a los estr\u00f3genos y por tanto reducen los s\u00edntomas que la menopausia provoca. Adem\u00e1s est\u00e1 complementado con cola de caballo, salvia, onagra y borraja para ayudar a aliviar los s\u00edntomas. El Sauzgatillo contribuye a aliviar los s\u00edntomas de la menopausia y al equilibrio hormonal femenino durante el climaterio. La salvia contribuye al confort menop\u00e1usico.<\/p>\n","protected":false},"featured_media":2243,"comment_status":"open","ping_status":"closed","template":"","meta":{"_et_pb_use_builder":"","_et_pb_old_content":"","_et_gb_content_width":""},"product_brand":[],"product_cat":[17],"product_tag":[],"class_list":{"0":"post-2135","1":"product","2":"type-product","3":"status-publish","4":"has-post-thumbnail","6":"product_cat-sin-categorizar","8":"first","9":"instock","10":"shipping-taxable","11":"purchasable","12":"product-type-simple"},"aioseo_notices":[],"_links":{"self":[{"href":"https:\/\/herbolariodecorea.es\/index.php\/wp-json\/wp\/v2\/product\/2135","targetHints":{"allow":["GET"]}}],"collection":[{"href":"https:\/\/herbolariodecorea.es\/index.php\/wp-json\/wp\/v2\/product"}],"about":[{"href":"https:\/\/herbolariodecorea.es\/index.php\/wp-json\/wp\/v2\/types\/product"}],"replies":[{"embeddable":true,"href":"https:\/\/herbolariodecorea.es\/index.php\/wp-json\/wp\/v2\/comments?post=2135"}],"wp:featuredmedia":[{"embeddable":true,"href":"https:\/\/herbolariodecorea.es\/index.php\/wp-json\/wp\/v2\/media\/2243"}],"wp:attachment":[{"href":"https:\/\/herbolariodecorea.es\/index.php\/wp-json\/wp\/v2\/media?parent=2135"}],"wp:term":[{"taxonomy":"product_brand","embeddable":true,"href":"https:\/\/herbolariodecorea.es\/index.php\/wp-json\/wp\/v2\/product_brand?post=2135"},{"taxonomy":"product_cat","embeddable":true,"href":"https:\/\/herbolariodecorea.es\/index.php\/wp-json\/wp\/v2\/product_cat?post=2135"},{"taxonomy":"product_tag","embeddable":true,"href":"https:\/\/herbolariodecorea.es\/index.php\/wp-json\/wp\/v2\/product_tag?post=2135"}],"curies":[{"name":"wp","href":"https:\/\/api.w.org\/{rel}","templated":true}]}}