{"id":2137,"date":"2025-11-14T14:54:00","date_gmt":"2025-11-14T13:54:00","guid":{"rendered":"https:\/\/herbolariodecorea.es\/index.php\/producto\/multivitaminico-superfoods-60-comps-plameca\/"},"modified":"2026-03-03T11:57:23","modified_gmt":"2026-03-03T10:57:23","slug":"multivitaminico-superfoods-60-comps-plameca","status":"publish","type":"product","link":"https:\/\/herbolariodecorea.es\/index.php\/producto\/multivitaminico-superfoods-60-comps-plameca\/","title":{"rendered":"MULTIVITAM\u00cdNICO + SUPERFOODS 60 COMPS. PLAMECA"},"content":{"rendered":"<p>Multivitaminas avanzado con Minerales y Super Foods para Energ\u00eda, Inmunidad y Vitalidad. El Multivitam\u00ednico Plameca es un complemento alimenticio avanzado en comprimidos bicapa que combina una amplia variedad de vitaminas, minerales, extractos bot\u00e1nicos, hongos funcionales y superalimentos. Su f\u00f3rmula est\u00e1 dise\u00f1ada para ofrecer un soporte completo a la salud, el bienestar y la vitalidad diaria con una sola toma al d\u00eda. Gracias a su tecnolog\u00eda bicapa, los principios activos se liberan de forma secuencial, optimizando su absorci\u00f3n y preservando la estabilidad de los nutrientes. Esta combinaci\u00f3n resulta especialmente \u00fatil en personas con estilos de vida exigentes, alimentaci\u00f3n desequilibrada o que buscan mantener su energ\u00eda, rendimiento f\u00edsico y equilibrio emocional. Incluye adapt\u00f3genos que favorecen la resistencia al estr\u00e9s y superalimentos con propiedades antioxidantes, convirti\u00e9ndolo en una opci\u00f3n ideal para quienes buscan m\u00e1s que un multivitam\u00ednico b\u00e1sico: un enfoque funcional y natural para cuidar el organismo de forma global.<\/p>\n","protected":false},"excerpt":{"rendered":"<p>Multivitaminas avanzado con Minerales y Super Foods para Energ\u00eda, Inmunidad y Vitalidad. El Multivitam\u00ednico Plameca es un complemento alimenticio avanzado en comprimidos bicapa que combina una amplia variedad de vitaminas, minerales, extractos bot\u00e1nicos, hongos funcionales y superalimentos. Su f\u00f3rmula est\u00e1 dise\u00f1ada para ofrecer un soporte completo a la salud, el bienestar y la vitalidad diaria con una sola toma al d\u00eda. Gracias a su tecnolog\u00eda bicapa, los principios activos se liberan de forma secuencial, optimizando su absorci\u00f3n y preservando la estabilidad de los nutrientes. Esta combinaci\u00f3n resulta especialmente \u00fatil en personas con estilos de vida exigentes, alimentaci\u00f3n desequilibrada o que buscan mantener su energ\u00eda, rendimiento f\u00edsico y equilibrio emocional. Incluye adapt\u00f3genos que favorecen la resistencia al estr\u00e9s y superalimentos con propiedades antioxidantes, convirti\u00e9ndolo en una opci\u00f3n ideal para quienes buscan m\u00e1s que un multivitam\u00ednico b\u00e1sico: un enfoque funcional y natural para cuidar el organismo de forma global.<\/p>\n","protected":false},"featured_media":2245,"comment_status":"open","ping_status":"closed","template":"","meta":{"_et_pb_use_builder":"","_et_pb_old_content":"","_et_gb_content_width":""},"product_brand":[],"product_cat":[17],"product_tag":[],"class_list":{"0":"post-2137","1":"product","2":"type-product","3":"status-publish","4":"has-post-thumbnail","6":"product_cat-sin-categorizar","8":"first","9":"outofstock","10":"shipping-taxable","11":"purchasable","12":"product-type-simple"},"aioseo_notices":[],"_links":{"self":[{"href":"https:\/\/herbolariodecorea.es\/index.php\/wp-json\/wp\/v2\/product\/2137","targetHints":{"allow":["GET"]}}],"collection":[{"href":"https:\/\/herbolariodecorea.es\/index.php\/wp-json\/wp\/v2\/product"}],"about":[{"href":"https:\/\/herbolariodecorea.es\/index.php\/wp-json\/wp\/v2\/types\/product"}],"replies":[{"embeddable":true,"href":"https:\/\/herbolariodecorea.es\/index.php\/wp-json\/wp\/v2\/comments?post=2137"}],"wp:featuredmedia":[{"embeddable":true,"href":"https:\/\/herbolariodecorea.es\/index.php\/wp-json\/wp\/v2\/media\/2245"}],"wp:attachment":[{"href":"https:\/\/herbolariodecorea.es\/index.php\/wp-json\/wp\/v2\/media?parent=2137"}],"wp:term":[{"taxonomy":"product_brand","embeddable":true,"href":"https:\/\/herbolariodecorea.es\/index.php\/wp-json\/wp\/v2\/product_brand?post=2137"},{"taxonomy":"product_cat","embeddable":true,"href":"https:\/\/herbolariodecorea.es\/index.php\/wp-json\/wp\/v2\/product_cat?post=2137"},{"taxonomy":"product_tag","embeddable":true,"href":"https:\/\/herbolariodecorea.es\/index.php\/wp-json\/wp\/v2\/product_tag?post=2137"}],"curies":[{"name":"wp","href":"https:\/\/api.w.org\/{rel}","templated":true}]}}