{"id":2138,"date":"2025-11-14T14:54:00","date_gmt":"2025-11-14T13:54:00","guid":{"rendered":"https:\/\/herbolariodecorea.es\/index.php\/producto\/nad-60-caps-derbos\/"},"modified":"2025-11-27T14:26:59","modified_gmt":"2025-11-27T13:26:59","slug":"nad-60-caps-derbos","status":"publish","type":"product","link":"https:\/\/herbolariodecorea.es\/index.php\/producto\/nad-60-caps-derbos\/","title":{"rendered":"NAD+ 60 C\u00c1PS. DERB\u00d3S"},"content":{"rendered":"<p>El NAD+ es una coenzima esencial en el metabolismo celular y en la producci\u00f3n de energ\u00eda. Sus niveles disminuyen con la edad, lo que se ha asociado con el envejecimiento y diversas enfermedades. Entre sus beneficios destacan:<\/p>\n<p>-Aumento de la energ\u00eda celular: Mejora la funci\u00f3n mitocondrial.<\/p>\n<p>\u0096Activaci\u00f3n de las sirtuinas: Prote\u00ednas clave en la reparaci\u00f3n celular y la longevidad.<\/p>\n<p>-Mejor salud metab\u00f3lica: Favorece la sensibilidad a la insulina y la quema de grasa.<\/p>\n<p>-Neuroprotecci\u00f3n: Puede ayudar a prevenir enfermedades neurodegenerativas como el Alzheimer y el Parkinson. El resveratrol es un polifenol presente en uvas, vino tinto y algunos frutos secos. Se ha estudiado por sus propiedades antioxidantes y antiinflamatorias:<\/p>\n<p>\u0096Activaci\u00f3n de sirtuinas (SIRT1): Similar al NAD+, lo que ayuda a la longevidad celular.<\/p>\n<p>-Propiedades antioxidantes: Protege las c\u00e9lulas del da\u00f1o oxidativo.<\/p>\n<p>\u0096Mejora la salud cardiovascular: Reduce la inflamaci\u00f3n y mejora la funci\u00f3n de los vasos sangu\u00edneos.<\/p>\n<p>-Posible efecto anticancer\u00edgeno: Puede ayudar a inhibir el crecimiento de c\u00e9lulas cancerosas.<\/p>\n","protected":false},"excerpt":{"rendered":"<p>El NAD+ es una coenzima esencial en el metabolismo celular y en la producci\u00f3n de energ\u00eda. Sus niveles disminuyen con la edad, lo que se ha asociado con el envejecimiento y diversas enfermedades. Entre sus beneficios destacan:<\/p>\n","protected":false},"featured_media":2246,"comment_status":"open","ping_status":"closed","template":"","meta":{"_et_pb_use_builder":"","_et_pb_old_content":"","_et_gb_content_width":""},"product_brand":[],"product_cat":[17],"product_tag":[],"class_list":{"0":"post-2138","1":"product","2":"type-product","3":"status-publish","4":"has-post-thumbnail","6":"product_cat-sin-categorizar","8":"first","9":"instock","10":"shipping-taxable","11":"purchasable","12":"product-type-simple"},"aioseo_notices":[],"_links":{"self":[{"href":"https:\/\/herbolariodecorea.es\/index.php\/wp-json\/wp\/v2\/product\/2138","targetHints":{"allow":["GET"]}}],"collection":[{"href":"https:\/\/herbolariodecorea.es\/index.php\/wp-json\/wp\/v2\/product"}],"about":[{"href":"https:\/\/herbolariodecorea.es\/index.php\/wp-json\/wp\/v2\/types\/product"}],"replies":[{"embeddable":true,"href":"https:\/\/herbolariodecorea.es\/index.php\/wp-json\/wp\/v2\/comments?post=2138"}],"wp:featuredmedia":[{"embeddable":true,"href":"https:\/\/herbolariodecorea.es\/index.php\/wp-json\/wp\/v2\/media\/2246"}],"wp:attachment":[{"href":"https:\/\/herbolariodecorea.es\/index.php\/wp-json\/wp\/v2\/media?parent=2138"}],"wp:term":[{"taxonomy":"product_brand","embeddable":true,"href":"https:\/\/herbolariodecorea.es\/index.php\/wp-json\/wp\/v2\/product_brand?post=2138"},{"taxonomy":"product_cat","embeddable":true,"href":"https:\/\/herbolariodecorea.es\/index.php\/wp-json\/wp\/v2\/product_cat?post=2138"},{"taxonomy":"product_tag","embeddable":true,"href":"https:\/\/herbolariodecorea.es\/index.php\/wp-json\/wp\/v2\/product_tag?post=2138"}],"curies":[{"name":"wp","href":"https:\/\/api.w.org\/{rel}","templated":true}]}}