{"id":2139,"date":"2025-11-14T14:54:01","date_gmt":"2025-11-14T13:54:01","guid":{"rendered":"https:\/\/herbolariodecorea.es\/index.php\/producto\/normo-lx-75-comps-derbos\/"},"modified":"2025-11-27T14:27:43","modified_gmt":"2025-11-27T13:27:43","slug":"normo-lx-75-comps-derbos","status":"publish","type":"product","link":"https:\/\/herbolariodecorea.es\/index.php\/producto\/normo-lx-75-comps-derbos\/","title":{"rendered":"NORMO LX 75 COMPS. DERB\u00d3S"},"content":{"rendered":"<p>Normo LX es un preparado a base de pantas medicinales tradicionales y fibra diet\u00e9tica soluble prebi\u00f3tica, que favorece el transito intestinal. Por otra parte, aporta otras plantas tradicionales que favorecen el buen funcionamiento del sistema digestivo y protegen su mucosa de irritaciones y espasmos. El Sen contribuye al normal funcionamiento del tracto intestinal. El Aloe Vera, tambi\u00e9n se ha utilizado para favorecer el vaciamiento intestinal, debido a su contenido en muc\u00edlagos y por su capacidad para captar agua. Adem\u00e1s estos muc\u00edlagos tapizan la mucosa del intestino ejerciendo una acci\u00f3n suavizante y protectora. Contribuye a resguardar el epitelio intestinal de las irritaciones provocadas por sustancias estimulante o corrosivas.<\/p>\n","protected":false},"excerpt":{"rendered":"<p>Normo LX es un preparado a base de pantas medicinales tradicionales y fibra diet\u00e9tica soluble prebi\u00f3tica, que favorece el transito intestinal. Por otra parte, aporta otras plantas tradicionales que favorecen el buen funcionamiento del sistema digestivo y protegen su mucosa de irritaciones y espasmos. El Sen contribuye al normal funcionamiento del tracto intestinal. El Aloe Vera, tambi\u00e9n se ha utilizado para favorecer el vaciamiento intestinal, debido a su contenido en muc\u00edlagos y por su capacidad para captar agua. Adem\u00e1s estos muc\u00edlagos tapizan la mucosa del intestino ejerciendo una acci\u00f3n suavizante y protectora. Contribuye a resguardar el epitelio intestinal de las irritaciones provocadas por sustancias estimulante o corrosivas.<\/p>\n","protected":false},"featured_media":2247,"comment_status":"open","ping_status":"closed","template":"","meta":{"_et_pb_use_builder":"","_et_pb_old_content":"","_et_gb_content_width":""},"product_brand":[],"product_cat":[17],"product_tag":[],"class_list":{"0":"post-2139","1":"product","2":"type-product","3":"status-publish","4":"has-post-thumbnail","6":"product_cat-sin-categorizar","8":"first","9":"instock","10":"shipping-taxable","11":"purchasable","12":"product-type-simple"},"aioseo_notices":[],"_links":{"self":[{"href":"https:\/\/herbolariodecorea.es\/index.php\/wp-json\/wp\/v2\/product\/2139","targetHints":{"allow":["GET"]}}],"collection":[{"href":"https:\/\/herbolariodecorea.es\/index.php\/wp-json\/wp\/v2\/product"}],"about":[{"href":"https:\/\/herbolariodecorea.es\/index.php\/wp-json\/wp\/v2\/types\/product"}],"replies":[{"embeddable":true,"href":"https:\/\/herbolariodecorea.es\/index.php\/wp-json\/wp\/v2\/comments?post=2139"}],"wp:featuredmedia":[{"embeddable":true,"href":"https:\/\/herbolariodecorea.es\/index.php\/wp-json\/wp\/v2\/media\/2247"}],"wp:attachment":[{"href":"https:\/\/herbolariodecorea.es\/index.php\/wp-json\/wp\/v2\/media?parent=2139"}],"wp:term":[{"taxonomy":"product_brand","embeddable":true,"href":"https:\/\/herbolariodecorea.es\/index.php\/wp-json\/wp\/v2\/product_brand?post=2139"},{"taxonomy":"product_cat","embeddable":true,"href":"https:\/\/herbolariodecorea.es\/index.php\/wp-json\/wp\/v2\/product_cat?post=2139"},{"taxonomy":"product_tag","embeddable":true,"href":"https:\/\/herbolariodecorea.es\/index.php\/wp-json\/wp\/v2\/product_tag?post=2139"}],"curies":[{"name":"wp","href":"https:\/\/api.w.org\/{rel}","templated":true}]}}