{"id":2142,"date":"2025-11-14T14:54:01","date_gmt":"2025-11-14T13:54:01","guid":{"rendered":"https:\/\/herbolariodecorea.es\/index.php\/producto\/normolip-5-forte-36-comps-esi\/"},"modified":"2026-03-09T13:41:16","modified_gmt":"2026-03-09T12:41:16","slug":"normolip-5-forte-36-comps-esi","status":"publish","type":"product","link":"https:\/\/herbolariodecorea.es\/index.php\/producto\/normolip-5-forte-36-comps-esi\/","title":{"rendered":"NORMOLIP 5 FORTE 36 COMPS. ESI"},"content":{"rendered":"<p>Control del colesterol y de los triglic\u00e9ridos (Berberis aristata) con Monacolina de Arroz Rojo y Coenzima Q10. Complemento alimenticio a base de extracto titulado de Berber\u00eds aristata, Arroz rojo fermentado por el Monascus purpureus, Cardo mariano, \u00c1cido f\u00f3lico, Coenzima Q1 O, con Cromo y Policosanoles. La Berber\u00eds aristata ayuda a mantener niveles normales de colesterol, promueve el control de los triglic\u00e9ridos plasm\u00e1ticos y ayuda a regular la funcionalidad del sistema cardiovascular. El cardo mariano es \u00fatil para la funci\u00f3n hep\u00e1tica, las funciones depurativas del organismo y como antioxidante. El folato contribuye al metabolismo normal de la homocistefna. El cromo contribuye al mantenimiento de niveles normales de glucosa en sangre.<\/p>\n","protected":false},"excerpt":{"rendered":"<p>Control del colesterol y de los triglic\u00e9ridos (Berberis aristata) con Monacolina de Arroz Rojo y Coenzima Q10. Complemento alimenticio a base de extracto titulado de Berber\u00eds aristata, Arroz rojo fermentado por el Monascus purpureus, Cardo mariano, \u00c1cido f\u00f3lico, Coenzima Q1 O, con Cromo y Policosanoles. La Berber\u00eds aristata ayuda a mantener niveles normales de colesterol, promueve el control de los triglic\u00e9ridos plasm\u00e1ticos y ayuda a regular la funcionalidad del sistema cardiovascular. El cardo mariano es \u00fatil para la funci\u00f3n hep\u00e1tica, las funciones depurativas del organismo y como antioxidante. El folato contribuye al metabolismo normal de la homocistefna. El cromo contribuye al mantenimiento de niveles normales de glucosa en sangre.<\/p>\n","protected":false},"featured_media":2251,"comment_status":"open","ping_status":"closed","template":"","meta":{"_et_pb_use_builder":"","_et_pb_old_content":"","_et_gb_content_width":""},"product_brand":[],"product_cat":[22,17],"product_tag":[],"class_list":{"0":"post-2142","1":"product","2":"type-product","3":"status-publish","4":"has-post-thumbnail","6":"product_cat-en-oferta","7":"product_cat-sin-categorizar","9":"first","10":"instock","11":"sale","12":"shipping-taxable","13":"purchasable","14":"product-type-simple"},"aioseo_notices":[],"_links":{"self":[{"href":"https:\/\/herbolariodecorea.es\/index.php\/wp-json\/wp\/v2\/product\/2142","targetHints":{"allow":["GET"]}}],"collection":[{"href":"https:\/\/herbolariodecorea.es\/index.php\/wp-json\/wp\/v2\/product"}],"about":[{"href":"https:\/\/herbolariodecorea.es\/index.php\/wp-json\/wp\/v2\/types\/product"}],"replies":[{"embeddable":true,"href":"https:\/\/herbolariodecorea.es\/index.php\/wp-json\/wp\/v2\/comments?post=2142"}],"wp:featuredmedia":[{"embeddable":true,"href":"https:\/\/herbolariodecorea.es\/index.php\/wp-json\/wp\/v2\/media\/2251"}],"wp:attachment":[{"href":"https:\/\/herbolariodecorea.es\/index.php\/wp-json\/wp\/v2\/media?parent=2142"}],"wp:term":[{"taxonomy":"product_brand","embeddable":true,"href":"https:\/\/herbolariodecorea.es\/index.php\/wp-json\/wp\/v2\/product_brand?post=2142"},{"taxonomy":"product_cat","embeddable":true,"href":"https:\/\/herbolariodecorea.es\/index.php\/wp-json\/wp\/v2\/product_cat?post=2142"},{"taxonomy":"product_tag","embeddable":true,"href":"https:\/\/herbolariodecorea.es\/index.php\/wp-json\/wp\/v2\/product_tag?post=2142"}],"curies":[{"name":"wp","href":"https:\/\/api.w.org\/{rel}","templated":true}]}}