{"id":2144,"date":"2025-11-14T14:54:02","date_gmt":"2025-11-14T13:54:02","guid":{"rendered":"https:\/\/herbolariodecorea.es\/index.php\/producto\/onagra-1000mg-100-perlas-integralia\/"},"modified":"2025-11-27T14:34:47","modified_gmt":"2025-11-27T13:34:47","slug":"onagra-1000mg-100-perlas-integralia","status":"publish","type":"product","link":"https:\/\/herbolariodecorea.es\/index.php\/producto\/onagra-1000mg-100-perlas-integralia\/","title":{"rendered":"ONAGRA 1000MG 100 PERLAS INTEGRALIA"},"content":{"rendered":"<p>Aceite de Onagra Integralia concentra \u00e1cidos grasos Omega-6 (\u00e1cido gamma-linol\u00e9nico + linoleico) obtenidos de semillas de Oenothera biennis. Suplemento ideal para regular el ciclo femenino, suavizar el s\u00edndrome premenstrual y acompa\u00f1ar la etapa de la menopausia. Regulaci\u00f3n hormonal \u00b7 alivia retenci\u00f3n, irritabilidad y molestias c\u00edclicas. Piel el\u00e1stica y luminosa \u00b7 nutre la barrera cut\u00e1nea y calma mucosas secas. Apoyo cardiovascular \u00b7 los Omega-6 contribuyen a mantener niveles normales de colesterol y buena microcirculaci\u00f3n.<\/p>\n","protected":false},"excerpt":{"rendered":"<p>Aceite de Onagra Integralia concentra \u00e1cidos grasos Omega-6 (\u00e1cido gamma-linol\u00e9nico + linoleico) obtenidos de semillas de Oenothera biennis. Suplemento ideal para regular el ciclo femenino, suavizar el s\u00edndrome premenstrual y acompa\u00f1ar la etapa de la menopausia. Regulaci\u00f3n hormonal \u00b7 alivia retenci\u00f3n, irritabilidad y molestias c\u00edclicas. Piel el\u00e1stica y luminosa \u00b7 nutre la barrera cut\u00e1nea y calma mucosas secas. Apoyo cardiovascular \u00b7 los Omega-6 contribuyen a mantener niveles normales de colesterol y buena microcirculaci\u00f3n.<\/p>\n","protected":false},"featured_media":2253,"comment_status":"open","ping_status":"closed","template":"","meta":{"_et_pb_use_builder":"","_et_pb_old_content":"","_et_gb_content_width":""},"product_brand":[],"product_cat":[17],"product_tag":[],"class_list":{"0":"post-2144","1":"product","2":"type-product","3":"status-publish","4":"has-post-thumbnail","6":"product_cat-sin-categorizar","8":"first","9":"instock","10":"shipping-taxable","11":"purchasable","12":"product-type-simple"},"aioseo_notices":[],"_links":{"self":[{"href":"https:\/\/herbolariodecorea.es\/index.php\/wp-json\/wp\/v2\/product\/2144","targetHints":{"allow":["GET"]}}],"collection":[{"href":"https:\/\/herbolariodecorea.es\/index.php\/wp-json\/wp\/v2\/product"}],"about":[{"href":"https:\/\/herbolariodecorea.es\/index.php\/wp-json\/wp\/v2\/types\/product"}],"replies":[{"embeddable":true,"href":"https:\/\/herbolariodecorea.es\/index.php\/wp-json\/wp\/v2\/comments?post=2144"}],"wp:featuredmedia":[{"embeddable":true,"href":"https:\/\/herbolariodecorea.es\/index.php\/wp-json\/wp\/v2\/media\/2253"}],"wp:attachment":[{"href":"https:\/\/herbolariodecorea.es\/index.php\/wp-json\/wp\/v2\/media?parent=2144"}],"wp:term":[{"taxonomy":"product_brand","embeddable":true,"href":"https:\/\/herbolariodecorea.es\/index.php\/wp-json\/wp\/v2\/product_brand?post=2144"},{"taxonomy":"product_cat","embeddable":true,"href":"https:\/\/herbolariodecorea.es\/index.php\/wp-json\/wp\/v2\/product_cat?post=2144"},{"taxonomy":"product_tag","embeddable":true,"href":"https:\/\/herbolariodecorea.es\/index.php\/wp-json\/wp\/v2\/product_tag?post=2144"}],"curies":[{"name":"wp","href":"https:\/\/api.w.org\/{rel}","templated":true}]}}