{"id":2145,"date":"2025-11-14T14:54:02","date_gmt":"2025-11-14T13:54:02","guid":{"rendered":"https:\/\/herbolariodecorea.es\/index.php\/producto\/phytocyst-forte-30-comps-drasanvi\/"},"modified":"2025-11-27T14:35:25","modified_gmt":"2025-11-27T13:35:25","slug":"phytocyst-forte-30-comps-drasanvi","status":"publish","type":"product","link":"https:\/\/herbolariodecorea.es\/index.php\/producto\/phytocyst-forte-30-comps-drasanvi\/","title":{"rendered":"PHYTOCYST FORTE 30 COMPS. DRASANVI"},"content":{"rendered":"<p>Phytocyst es un complemento alimenticio que se basa en el uso de extracto seco de Ar\u00e1ndano Rojo Americano, Vaccimium macrocarpom, conocido tambi\u00e9n como Cranberry.El inter\u00e9s por el Ar\u00e1ndano Rojo, en general, radica en su gran valor nutricional: fibra, vitaminas y minerales. Pero son las Proantocianidinas (PACs-A), el principio activo m\u00e1s importante presente en los Ar\u00e1ndanos Rojos Americanos.Por eso, el extracto utilizado en Phytocyst\u00ae est\u00e1 titulado en 40% en dicha sustancia. De esta manera, nos aseguramos un gran aporte.Adem\u00e1s de este extracto de primera calidad, se han a\u00f1adido fructooligosac\u00e1ridos, probi\u00f3ticos y Vitamina C, que contribuye al funcionamiento normal del sistema inmunitario.<\/p>\n","protected":false},"excerpt":{"rendered":"<p>Phytocyst es un complemento alimenticio que se basa en el uso de extracto seco de Ar\u00e1ndano Rojo Americano, Vaccimium macrocarpom, conocido tambi\u00e9n como Cranberry.El inter\u00e9s por el Ar\u00e1ndano Rojo, en general, radica en su gran valor nutricional: fibra, vitaminas y minerales. Pero son las Proantocianidinas (PACs-A), el principio activo m\u00e1s importante presente en los Ar\u00e1ndanos Rojos Americanos.Por eso, el extracto utilizado en Phytocyst\u00ae est\u00e1 titulado en 40% en dicha sustancia. De esta manera, nos aseguramos un gran aporte.Adem\u00e1s de este extracto de primera calidad, se han a\u00f1adido fructooligosac\u00e1ridos, probi\u00f3ticos y Vitamina C, que contribuye al funcionamiento normal del sistema inmunitario.<\/p>\n","protected":false},"featured_media":2254,"comment_status":"open","ping_status":"closed","template":"","meta":{"_et_pb_use_builder":"","_et_pb_old_content":"","_et_gb_content_width":""},"product_brand":[],"product_cat":[17],"product_tag":[],"class_list":{"0":"post-2145","1":"product","2":"type-product","3":"status-publish","4":"has-post-thumbnail","6":"product_cat-sin-categorizar","8":"first","9":"instock","10":"shipping-taxable","11":"purchasable","12":"product-type-simple"},"aioseo_notices":[],"_links":{"self":[{"href":"https:\/\/herbolariodecorea.es\/index.php\/wp-json\/wp\/v2\/product\/2145","targetHints":{"allow":["GET"]}}],"collection":[{"href":"https:\/\/herbolariodecorea.es\/index.php\/wp-json\/wp\/v2\/product"}],"about":[{"href":"https:\/\/herbolariodecorea.es\/index.php\/wp-json\/wp\/v2\/types\/product"}],"replies":[{"embeddable":true,"href":"https:\/\/herbolariodecorea.es\/index.php\/wp-json\/wp\/v2\/comments?post=2145"}],"wp:featuredmedia":[{"embeddable":true,"href":"https:\/\/herbolariodecorea.es\/index.php\/wp-json\/wp\/v2\/media\/2254"}],"wp:attachment":[{"href":"https:\/\/herbolariodecorea.es\/index.php\/wp-json\/wp\/v2\/media?parent=2145"}],"wp:term":[{"taxonomy":"product_brand","embeddable":true,"href":"https:\/\/herbolariodecorea.es\/index.php\/wp-json\/wp\/v2\/product_brand?post=2145"},{"taxonomy":"product_cat","embeddable":true,"href":"https:\/\/herbolariodecorea.es\/index.php\/wp-json\/wp\/v2\/product_cat?post=2145"},{"taxonomy":"product_tag","embeddable":true,"href":"https:\/\/herbolariodecorea.es\/index.php\/wp-json\/wp\/v2\/product_tag?post=2145"}],"curies":[{"name":"wp","href":"https:\/\/api.w.org\/{rel}","templated":true}]}}