{"id":2146,"date":"2025-11-14T14:54:02","date_gmt":"2025-11-14T13:54:02","guid":{"rendered":"https:\/\/herbolariodecorea.es\/index.php\/producto\/pos-pic-roll-on-10ml-vitaroms-drasanvi\/"},"modified":"2025-11-27T14:36:02","modified_gmt":"2025-11-27T13:36:02","slug":"pos-pic-roll-on-10ml-vitaroms-drasanvi","status":"publish","type":"product","link":"https:\/\/herbolariodecorea.es\/index.php\/producto\/pos-pic-roll-on-10ml-vitaroms-drasanvi\/","title":{"rendered":"POS &#8211; PIC ROLL ON 10ML VITAROMS DRASANVI"},"content":{"rendered":"<p>Drasanvi Vitaroms Roll On Post Pic 10ml es un producto dise\u00f1ado para aliviar y tratar las picaduras de insectos de manera r\u00e1pida y efectiva. Su f\u00f3rmula especializada ayuda a calmar el picor y la irritaci\u00f3n causada por las picaduras, proporcionando alivio inmediato. Est\u00e1 compuesto por ingredientes naturales cuidadosamente seleccionados. Entre ellos se encuentran el aceite esencial de \u00e1rbol de t\u00e9, el aceite esencial de lavanda y el aceite esencial de eucalipto, conocidos por sus propiedades calmantes y antiinflamatorias.<\/p>\n","protected":false},"excerpt":{"rendered":"<p>Drasanvi Vitaroms Roll On Post Pic 10ml es un producto dise\u00f1ado para aliviar y tratar las picaduras de insectos de manera r\u00e1pida y efectiva. Su f\u00f3rmula especializada ayuda a calmar el picor y la irritaci\u00f3n causada por las picaduras, proporcionando alivio inmediato. Est\u00e1 compuesto por ingredientes naturales cuidadosamente seleccionados. Entre ellos se encuentran el aceite esencial de \u00e1rbol de t\u00e9, el aceite esencial de lavanda y el aceite esencial de eucalipto, conocidos por sus propiedades calmantes y antiinflamatorias.<\/p>\n","protected":false},"featured_media":2255,"comment_status":"open","ping_status":"closed","template":"","meta":{"_et_pb_use_builder":"","_et_pb_old_content":"","_et_gb_content_width":""},"product_brand":[],"product_cat":[17],"product_tag":[],"class_list":{"0":"post-2146","1":"product","2":"type-product","3":"status-publish","4":"has-post-thumbnail","6":"product_cat-sin-categorizar","8":"first","9":"instock","10":"shipping-taxable","11":"purchasable","12":"product-type-simple"},"aioseo_notices":[],"_links":{"self":[{"href":"https:\/\/herbolariodecorea.es\/index.php\/wp-json\/wp\/v2\/product\/2146","targetHints":{"allow":["GET"]}}],"collection":[{"href":"https:\/\/herbolariodecorea.es\/index.php\/wp-json\/wp\/v2\/product"}],"about":[{"href":"https:\/\/herbolariodecorea.es\/index.php\/wp-json\/wp\/v2\/types\/product"}],"replies":[{"embeddable":true,"href":"https:\/\/herbolariodecorea.es\/index.php\/wp-json\/wp\/v2\/comments?post=2146"}],"wp:featuredmedia":[{"embeddable":true,"href":"https:\/\/herbolariodecorea.es\/index.php\/wp-json\/wp\/v2\/media\/2255"}],"wp:attachment":[{"href":"https:\/\/herbolariodecorea.es\/index.php\/wp-json\/wp\/v2\/media?parent=2146"}],"wp:term":[{"taxonomy":"product_brand","embeddable":true,"href":"https:\/\/herbolariodecorea.es\/index.php\/wp-json\/wp\/v2\/product_brand?post=2146"},{"taxonomy":"product_cat","embeddable":true,"href":"https:\/\/herbolariodecorea.es\/index.php\/wp-json\/wp\/v2\/product_cat?post=2146"},{"taxonomy":"product_tag","embeddable":true,"href":"https:\/\/herbolariodecorea.es\/index.php\/wp-json\/wp\/v2\/product_tag?post=2146"}],"curies":[{"name":"wp","href":"https:\/\/api.w.org\/{rel}","templated":true}]}}