{"id":2147,"date":"2025-11-14T14:54:02","date_gmt":"2025-11-14T13:54:02","guid":{"rendered":"https:\/\/herbolariodecorea.es\/index.php\/producto\/potassium-citrate-solaray-60-caps\/"},"modified":"2025-11-27T14:36:46","modified_gmt":"2025-11-27T13:36:46","slug":"potassium-citrate-solaray-60-caps","status":"publish","type":"product","link":"https:\/\/herbolariodecorea.es\/index.php\/producto\/potassium-citrate-solaray-60-caps\/","title":{"rendered":"POTASSIUM CITRATE SOLARAY 60 CAPS"},"content":{"rendered":"<p>Citrato de Potasio de Solaray es un complemento que ofrece todos los beneficios de una manera f\u00e1cil de absorber dise\u00f1ado especialmente para aquellas personas con bajo contenido de \u00e1cido estomacal. Citrato de Potasio de Solaray interviene para regular el balance de agua en el cuerpo y una correcta funci\u00f3n renal. Tambi\u00e9n ayuda a eliminar el exceso de \u00e1cido \u00farico en la sangre y en la orina.<\/p>\n","protected":false},"excerpt":{"rendered":"<p>Citrato de Potasio de Solaray es un complemento que ofrece todos los beneficios de una manera f\u00e1cil de absorber dise\u00f1ado especialmente para aquellas personas con bajo contenido de \u00e1cido estomacal. Citrato de Potasio de Solaray interviene para regular el balance de agua en el cuerpo y una correcta funci\u00f3n renal. Tambi\u00e9n ayuda a eliminar el exceso de \u00e1cido \u00farico en la sangre y en la orina.<\/p>\n","protected":false},"featured_media":2256,"comment_status":"open","ping_status":"closed","template":"","meta":{"_et_pb_use_builder":"","_et_pb_old_content":"","_et_gb_content_width":""},"product_brand":[],"product_cat":[17],"product_tag":[],"class_list":{"0":"post-2147","1":"product","2":"type-product","3":"status-publish","4":"has-post-thumbnail","6":"product_cat-sin-categorizar","8":"first","9":"instock","10":"shipping-taxable","11":"purchasable","12":"product-type-simple"},"aioseo_notices":[],"_links":{"self":[{"href":"https:\/\/herbolariodecorea.es\/index.php\/wp-json\/wp\/v2\/product\/2147","targetHints":{"allow":["GET"]}}],"collection":[{"href":"https:\/\/herbolariodecorea.es\/index.php\/wp-json\/wp\/v2\/product"}],"about":[{"href":"https:\/\/herbolariodecorea.es\/index.php\/wp-json\/wp\/v2\/types\/product"}],"replies":[{"embeddable":true,"href":"https:\/\/herbolariodecorea.es\/index.php\/wp-json\/wp\/v2\/comments?post=2147"}],"wp:featuredmedia":[{"embeddable":true,"href":"https:\/\/herbolariodecorea.es\/index.php\/wp-json\/wp\/v2\/media\/2256"}],"wp:attachment":[{"href":"https:\/\/herbolariodecorea.es\/index.php\/wp-json\/wp\/v2\/media?parent=2147"}],"wp:term":[{"taxonomy":"product_brand","embeddable":true,"href":"https:\/\/herbolariodecorea.es\/index.php\/wp-json\/wp\/v2\/product_brand?post=2147"},{"taxonomy":"product_cat","embeddable":true,"href":"https:\/\/herbolariodecorea.es\/index.php\/wp-json\/wp\/v2\/product_cat?post=2147"},{"taxonomy":"product_tag","embeddable":true,"href":"https:\/\/herbolariodecorea.es\/index.php\/wp-json\/wp\/v2\/product_tag?post=2147"}],"curies":[{"name":"wp","href":"https:\/\/api.w.org\/{rel}","templated":true}]}}