{"id":2149,"date":"2025-11-14T14:54:03","date_gmt":"2025-11-14T13:54:03","guid":{"rendered":"https:\/\/herbolariodecorea.es\/index.php\/producto\/probiotics-mujer-20-caps-drasanvi\/"},"modified":"2025-11-27T14:38:10","modified_gmt":"2025-11-27T13:38:10","slug":"probiotics-mujer-20-caps-drasanvi","status":"publish","type":"product","link":"https:\/\/herbolariodecorea.es\/index.php\/producto\/probiotics-mujer-20-caps-drasanvi\/","title":{"rendered":"PROBIOTICS MUJER 20 C\u00c1PS. DRASANVI"},"content":{"rendered":"<p>Descubre Probiotics Mujer 20 c\u00e1psulas de Drasanvi, tu aliado para una vitalidad femenina plena. Cada c\u00e1psula de Probiotics Mujer presenta una cuidadosa combinaci\u00f3n de 25 mil millones de UFC de probi\u00f3ticos seleccionados meticulosamente, incluyendo Bifidobacterium lactis, Lactobacillus rhamnosus y Lactobacillus plantarum. Estas cepas est\u00e1n especialmente formuladas para brindar apoyo a la salud \u00edntima, adapt\u00e1ndose a las necesidades \u00fanicas del cuerpo femenino. Probiotics Mujer de Drasanvi es tu elecci\u00f3n de confianza para mantener un equilibrio \u00f3ptimo en tu flora \u00edntima y fortalecer tu sistema inmunol\u00f3gico. \u00a1Descubre la plenitud del bienestar femenino con Drasanvi!.<\/p>\n","protected":false},"excerpt":{"rendered":"<p>Descubre Probiotics Mujer 20 c\u00e1psulas de Drasanvi, tu aliado para una vitalidad femenina plena. Cada c\u00e1psula de Probiotics Mujer presenta una cuidadosa combinaci\u00f3n de 25 mil millones de UFC de probi\u00f3ticos seleccionados meticulosamente, incluyendo Bifidobacterium lactis, Lactobacillus rhamnosus y Lactobacillus plantarum. Estas cepas est\u00e1n especialmente formuladas para brindar apoyo a la salud \u00edntima, adapt\u00e1ndose a las necesidades \u00fanicas del cuerpo femenino. Probiotics Mujer de Drasanvi es tu elecci\u00f3n de confianza para mantener un equilibrio \u00f3ptimo en tu flora \u00edntima y fortalecer tu sistema inmunol\u00f3gico. \u00a1Descubre la plenitud del bienestar femenino con Drasanvi!.<\/p>\n","protected":false},"featured_media":2258,"comment_status":"open","ping_status":"closed","template":"","meta":{"_et_pb_use_builder":"","_et_pb_old_content":"","_et_gb_content_width":""},"product_brand":[],"product_cat":[17],"product_tag":[],"class_list":{"0":"post-2149","1":"product","2":"type-product","3":"status-publish","4":"has-post-thumbnail","6":"product_cat-sin-categorizar","8":"first","9":"instock","10":"shipping-taxable","11":"purchasable","12":"product-type-simple"},"aioseo_notices":[],"_links":{"self":[{"href":"https:\/\/herbolariodecorea.es\/index.php\/wp-json\/wp\/v2\/product\/2149","targetHints":{"allow":["GET"]}}],"collection":[{"href":"https:\/\/herbolariodecorea.es\/index.php\/wp-json\/wp\/v2\/product"}],"about":[{"href":"https:\/\/herbolariodecorea.es\/index.php\/wp-json\/wp\/v2\/types\/product"}],"replies":[{"embeddable":true,"href":"https:\/\/herbolariodecorea.es\/index.php\/wp-json\/wp\/v2\/comments?post=2149"}],"wp:featuredmedia":[{"embeddable":true,"href":"https:\/\/herbolariodecorea.es\/index.php\/wp-json\/wp\/v2\/media\/2258"}],"wp:attachment":[{"href":"https:\/\/herbolariodecorea.es\/index.php\/wp-json\/wp\/v2\/media?parent=2149"}],"wp:term":[{"taxonomy":"product_brand","embeddable":true,"href":"https:\/\/herbolariodecorea.es\/index.php\/wp-json\/wp\/v2\/product_brand?post=2149"},{"taxonomy":"product_cat","embeddable":true,"href":"https:\/\/herbolariodecorea.es\/index.php\/wp-json\/wp\/v2\/product_cat?post=2149"},{"taxonomy":"product_tag","embeddable":true,"href":"https:\/\/herbolariodecorea.es\/index.php\/wp-json\/wp\/v2\/product_tag?post=2149"}],"curies":[{"name":"wp","href":"https:\/\/api.w.org\/{rel}","templated":true}]}}