{"id":2150,"date":"2025-11-14T14:54:03","date_gmt":"2025-11-14T13:54:03","guid":{"rendered":"https:\/\/herbolariodecorea.es\/index.php\/producto\/renkon-cha-raiz-loto-60-caps-sakai\/"},"modified":"2026-02-26T14:09:08","modified_gmt":"2026-02-26T13:09:08","slug":"renkon-cha-raiz-loto-60-caps-sakai","status":"publish","type":"product","link":"https:\/\/herbolariodecorea.es\/index.php\/producto\/renkon-cha-raiz-loto-60-caps-sakai\/","title":{"rendered":"RENKON CHA RA\u00cdZ LOTO 60 C\u00c1PS. SAKAI"},"content":{"rendered":"<p>Renkon Cha de Sakai, es un complemento alimenticio a base de Ra\u00edz de Loto. Potencia Oriental para tus v\u00edas respiratorias. Indicado para personas con mucosidad excesiva, fumadores.<\/p>\n","protected":false},"excerpt":{"rendered":"<p>Renkon Cha de Sakai, es un complemento alimenticio a base de Ra\u00edz de Loto. Potencia Oriental para tus v\u00edas respiratorias. Indicado para personas con mucosidad excesiva, fumadores.<\/p>\n","protected":false},"featured_media":2259,"comment_status":"open","ping_status":"closed","template":"","meta":{"_et_pb_use_builder":"","_et_pb_old_content":"","_et_gb_content_width":""},"product_brand":[],"product_cat":[22,17],"product_tag":[],"class_list":{"0":"post-2150","1":"product","2":"type-product","3":"status-publish","4":"has-post-thumbnail","6":"product_cat-en-oferta","7":"product_cat-sin-categorizar","9":"first","10":"instock","11":"sale","12":"shipping-taxable","13":"purchasable","14":"product-type-simple"},"aioseo_notices":[],"_links":{"self":[{"href":"https:\/\/herbolariodecorea.es\/index.php\/wp-json\/wp\/v2\/product\/2150","targetHints":{"allow":["GET"]}}],"collection":[{"href":"https:\/\/herbolariodecorea.es\/index.php\/wp-json\/wp\/v2\/product"}],"about":[{"href":"https:\/\/herbolariodecorea.es\/index.php\/wp-json\/wp\/v2\/types\/product"}],"replies":[{"embeddable":true,"href":"https:\/\/herbolariodecorea.es\/index.php\/wp-json\/wp\/v2\/comments?post=2150"}],"wp:featuredmedia":[{"embeddable":true,"href":"https:\/\/herbolariodecorea.es\/index.php\/wp-json\/wp\/v2\/media\/2259"}],"wp:attachment":[{"href":"https:\/\/herbolariodecorea.es\/index.php\/wp-json\/wp\/v2\/media?parent=2150"}],"wp:term":[{"taxonomy":"product_brand","embeddable":true,"href":"https:\/\/herbolariodecorea.es\/index.php\/wp-json\/wp\/v2\/product_brand?post=2150"},{"taxonomy":"product_cat","embeddable":true,"href":"https:\/\/herbolariodecorea.es\/index.php\/wp-json\/wp\/v2\/product_cat?post=2150"},{"taxonomy":"product_tag","embeddable":true,"href":"https:\/\/herbolariodecorea.es\/index.php\/wp-json\/wp\/v2\/product_tag?post=2150"}],"curies":[{"name":"wp","href":"https:\/\/api.w.org\/{rel}","templated":true}]}}