{"id":2151,"date":"2025-11-14T14:54:03","date_gmt":"2025-11-14T13:54:03","guid":{"rendered":"https:\/\/herbolariodecorea.es\/index.php\/producto\/resverasor-28-comps-soria-natural\/"},"modified":"2025-11-27T14:39:28","modified_gmt":"2025-11-27T13:39:28","slug":"resverasor-28-comps-soria-natural","status":"publish","type":"product","link":"https:\/\/herbolariodecorea.es\/index.php\/producto\/resverasor-28-comps-soria-natural\/","title":{"rendered":"RESVERASOR+ 28 COMPS SORIA NATURAL"},"content":{"rendered":"<p>Resverasor Plus es un complemento de origen vegetal obtenido a partir de la piel y semillas de uvas negras con resveratrol, astaxantina y selenio. Con una gran concentraci\u00f3n de polifenoles totales, taninos y resveratrol: 9 mg de resveratrol total por comprimido. El extracto de semillas de uva ayuda a la membrana celular frente a las acciones destructivas de los radicales libres.<\/p>\n<p>El selenio contribuye a la protecci\u00f3n de las c\u00e9lulas frente al da\u00f1o oxidativo. Modo de empleo: 1 al d\u00eda.<\/p>\n","protected":false},"excerpt":{"rendered":"<p>Resverasor Plus es un complemento de origen vegetal obtenido a partir de la piel y semillas de uvas negras con resveratrol, astaxantina y selenio. Con una gran concentraci\u00f3n de polifenoles totales, taninos y resveratrol: 9 mg de resveratrol total por comprimido. El extracto de semillas de uva ayuda a la membrana celular frente a las acciones destructivas de los radicales libres.<\/p>\n","protected":false},"featured_media":2260,"comment_status":"open","ping_status":"closed","template":"","meta":{"_et_pb_use_builder":"","_et_pb_old_content":"","_et_gb_content_width":""},"product_brand":[],"product_cat":[17],"product_tag":[],"class_list":{"0":"post-2151","1":"product","2":"type-product","3":"status-publish","4":"has-post-thumbnail","6":"product_cat-sin-categorizar","8":"first","9":"instock","10":"shipping-taxable","11":"purchasable","12":"product-type-simple"},"aioseo_notices":[],"_links":{"self":[{"href":"https:\/\/herbolariodecorea.es\/index.php\/wp-json\/wp\/v2\/product\/2151","targetHints":{"allow":["GET"]}}],"collection":[{"href":"https:\/\/herbolariodecorea.es\/index.php\/wp-json\/wp\/v2\/product"}],"about":[{"href":"https:\/\/herbolariodecorea.es\/index.php\/wp-json\/wp\/v2\/types\/product"}],"replies":[{"embeddable":true,"href":"https:\/\/herbolariodecorea.es\/index.php\/wp-json\/wp\/v2\/comments?post=2151"}],"wp:featuredmedia":[{"embeddable":true,"href":"https:\/\/herbolariodecorea.es\/index.php\/wp-json\/wp\/v2\/media\/2260"}],"wp:attachment":[{"href":"https:\/\/herbolariodecorea.es\/index.php\/wp-json\/wp\/v2\/media?parent=2151"}],"wp:term":[{"taxonomy":"product_brand","embeddable":true,"href":"https:\/\/herbolariodecorea.es\/index.php\/wp-json\/wp\/v2\/product_brand?post=2151"},{"taxonomy":"product_cat","embeddable":true,"href":"https:\/\/herbolariodecorea.es\/index.php\/wp-json\/wp\/v2\/product_cat?post=2151"},{"taxonomy":"product_tag","embeddable":true,"href":"https:\/\/herbolariodecorea.es\/index.php\/wp-json\/wp\/v2\/product_tag?post=2151"}],"curies":[{"name":"wp","href":"https:\/\/api.w.org\/{rel}","templated":true}]}}