{"id":2154,"date":"2025-11-14T14:54:04","date_gmt":"2025-11-14T13:54:04","guid":{"rendered":"https:\/\/herbolariodecorea.es\/index.php\/producto\/spectro-energy-multivit-60-vegcaps-solaray\/"},"modified":"2026-03-09T13:38:12","modified_gmt":"2026-03-09T12:38:12","slug":"spectro-energy-multivit-60-vegcaps-solaray","status":"publish","type":"product","link":"https:\/\/herbolariodecorea.es\/index.php\/producto\/spectro-energy-multivit-60-vegcaps-solaray\/","title":{"rendered":"SPECTRO ENERGY MULTIVIT 60 VEGCAPS SOLARAY"},"content":{"rendered":"<p>Spectro Energy de Solaray es un suplemento que aporta m\u00e1s de 80 ingredientes para un m\u00e1ximo apoyo nutricional. La f\u00f3rmula aporta todas las vitaminas y minerales quelados. Tambi\u00e9n incorpora importantes antioxidantes como la lute\u00edna, el licopeno y el \u00e1cido alfa lipoico, as\u00ed como bioflavonoides, enzimas digestivas y pectina, alimentos ricos en clorofila y complejo herbario. Los nutrientes de Spectro energy! aportan un apoyo nutricional para unos renovados niveles de energia y un estilo de vida activo.<\/p>\n","protected":false},"excerpt":{"rendered":"<p>Spectro Energy de Solaray es un suplemento que aporta m\u00e1s de 80 ingredientes para un m\u00e1ximo apoyo nutricional. La f\u00f3rmula aporta todas las vitaminas y minerales quelados. Tambi\u00e9n incorpora importantes antioxidantes como la lute\u00edna, el licopeno y el \u00e1cido alfa lipoico, as\u00ed como bioflavonoides, enzimas digestivas y pectina, alimentos ricos en clorofila y complejo herbario. Los nutrientes de Spectro energy! aportan un apoyo nutricional para unos renovados niveles de energia y un estilo de vida activo.<\/p>\n","protected":false},"featured_media":2263,"comment_status":"open","ping_status":"closed","template":"","meta":{"_et_pb_use_builder":"","_et_pb_old_content":"","_et_gb_content_width":""},"product_brand":[],"product_cat":[22,17],"product_tag":[],"class_list":{"0":"post-2154","1":"product","2":"type-product","3":"status-publish","4":"has-post-thumbnail","6":"product_cat-en-oferta","7":"product_cat-sin-categorizar","9":"first","10":"instock","11":"sale","12":"shipping-taxable","13":"purchasable","14":"product-type-simple"},"aioseo_notices":[],"_links":{"self":[{"href":"https:\/\/herbolariodecorea.es\/index.php\/wp-json\/wp\/v2\/product\/2154","targetHints":{"allow":["GET"]}}],"collection":[{"href":"https:\/\/herbolariodecorea.es\/index.php\/wp-json\/wp\/v2\/product"}],"about":[{"href":"https:\/\/herbolariodecorea.es\/index.php\/wp-json\/wp\/v2\/types\/product"}],"replies":[{"embeddable":true,"href":"https:\/\/herbolariodecorea.es\/index.php\/wp-json\/wp\/v2\/comments?post=2154"}],"wp:featuredmedia":[{"embeddable":true,"href":"https:\/\/herbolariodecorea.es\/index.php\/wp-json\/wp\/v2\/media\/2263"}],"wp:attachment":[{"href":"https:\/\/herbolariodecorea.es\/index.php\/wp-json\/wp\/v2\/media?parent=2154"}],"wp:term":[{"taxonomy":"product_brand","embeddable":true,"href":"https:\/\/herbolariodecorea.es\/index.php\/wp-json\/wp\/v2\/product_brand?post=2154"},{"taxonomy":"product_cat","embeddable":true,"href":"https:\/\/herbolariodecorea.es\/index.php\/wp-json\/wp\/v2\/product_cat?post=2154"},{"taxonomy":"product_tag","embeddable":true,"href":"https:\/\/herbolariodecorea.es\/index.php\/wp-json\/wp\/v2\/product_tag?post=2154"}],"curies":[{"name":"wp","href":"https:\/\/api.w.org\/{rel}","templated":true}]}}