{"id":2156,"date":"2025-11-14T14:54:04","date_gmt":"2025-11-14T13:54:04","guid":{"rendered":"https:\/\/herbolariodecorea.es\/index.php\/producto\/tri-effect-30-caps-sakai\/"},"modified":"2025-11-27T14:42:27","modified_gmt":"2025-11-27T13:42:27","slug":"tri-effect-30-caps-sakai","status":"publish","type":"product","link":"https:\/\/herbolariodecorea.es\/index.php\/producto\/tri-effect-30-caps-sakai\/","title":{"rendered":"TRI &#8211; EFFECT 30 C\u00c1PS. SAKAI"},"content":{"rendered":"<p>Formulaci\u00f3n 3 en 1 con Nopal, Belinal\u00ae (extracto registrado de Abeto blanco) y Picolinato de Cromo que contribuye al metabolismo normal de los macronutrientes: grasas, carbohidratos y prote\u00ednas, y a mantener niveles normales de glucosa en sangre. Adem\u00e1s, est\u00e1 potenciado con extractos de Alcachofa y de Guaran\u00e1 que ayuda al metabolismo de los l\u00edpidos (grasas).<\/p>\n","protected":false},"excerpt":{"rendered":"<p>Formulaci\u00f3n 3 en 1 con Nopal, Belinal\u00ae (extracto registrado de Abeto blanco) y Picolinato de Cromo que contribuye al metabolismo normal de los macronutrientes: grasas, carbohidratos y prote\u00ednas, y a mantener niveles normales de glucosa en sangre. Adem\u00e1s, est\u00e1 potenciado con extractos de Alcachofa y de Guaran\u00e1 que ayuda al metabolismo de los l\u00edpidos (grasas).<\/p>\n","protected":false},"featured_media":2265,"comment_status":"open","ping_status":"closed","template":"","meta":{"_et_pb_use_builder":"","_et_pb_old_content":"","_et_gb_content_width":""},"product_brand":[],"product_cat":[17],"product_tag":[],"class_list":{"0":"post-2156","1":"product","2":"type-product","3":"status-publish","4":"has-post-thumbnail","6":"product_cat-sin-categorizar","8":"first","9":"instock","10":"shipping-taxable","11":"purchasable","12":"product-type-simple"},"aioseo_notices":[],"_links":{"self":[{"href":"https:\/\/herbolariodecorea.es\/index.php\/wp-json\/wp\/v2\/product\/2156","targetHints":{"allow":["GET"]}}],"collection":[{"href":"https:\/\/herbolariodecorea.es\/index.php\/wp-json\/wp\/v2\/product"}],"about":[{"href":"https:\/\/herbolariodecorea.es\/index.php\/wp-json\/wp\/v2\/types\/product"}],"replies":[{"embeddable":true,"href":"https:\/\/herbolariodecorea.es\/index.php\/wp-json\/wp\/v2\/comments?post=2156"}],"wp:featuredmedia":[{"embeddable":true,"href":"https:\/\/herbolariodecorea.es\/index.php\/wp-json\/wp\/v2\/media\/2265"}],"wp:attachment":[{"href":"https:\/\/herbolariodecorea.es\/index.php\/wp-json\/wp\/v2\/media?parent=2156"}],"wp:term":[{"taxonomy":"product_brand","embeddable":true,"href":"https:\/\/herbolariodecorea.es\/index.php\/wp-json\/wp\/v2\/product_brand?post=2156"},{"taxonomy":"product_cat","embeddable":true,"href":"https:\/\/herbolariodecorea.es\/index.php\/wp-json\/wp\/v2\/product_cat?post=2156"},{"taxonomy":"product_tag","embeddable":true,"href":"https:\/\/herbolariodecorea.es\/index.php\/wp-json\/wp\/v2\/product_tag?post=2156"}],"curies":[{"name":"wp","href":"https:\/\/api.w.org\/{rel}","templated":true}]}}