{"id":2157,"date":"2025-11-14T14:54:05","date_gmt":"2025-11-14T13:54:05","guid":{"rendered":"https:\/\/herbolariodecorea.es\/index.php\/producto\/triptofano-forte-30-comps-plameca\/"},"modified":"2025-11-27T14:43:01","modified_gmt":"2025-11-27T13:43:01","slug":"triptofano-forte-30-comps-plameca","status":"publish","type":"product","link":"https:\/\/herbolariodecorea.es\/index.php\/producto\/triptofano-forte-30-comps-plameca\/","title":{"rendered":"TRIPT\u00d3FANO FORTE 30 COMPS. PLAMECA"},"content":{"rendered":"<p>\u00a1An\u00edmate y sonr\u00ede con Tript\u00f3fano Forte! Contiene vitamina B9, vitamina B2 y magnesio, que contribuye al funcionamiento normal del sistema nervioso y a disminuir el cansancio y la fatiga. Tript\u00f3fano Forte contiene \u00e1cido f\u00f3lico y magnesio que contribuyen a la funci\u00f3n psicol\u00f3gica normal y a disminuir el cansancio y la fatiga. Contribuyen al funcionamiento normal del sistema nervioso. Contiene vitamina B2 que contribuye a disminuir el cansancio y la fatiga.<\/p>\n","protected":false},"excerpt":{"rendered":"<p>\u00a1An\u00edmate y sonr\u00ede con Tript\u00f3fano Forte! Contiene vitamina B9, vitamina B2 y magnesio, que contribuye al funcionamiento normal del sistema nervioso y a disminuir el cansancio y la fatiga. Tript\u00f3fano Forte contiene \u00e1cido f\u00f3lico y magnesio que contribuyen a la funci\u00f3n psicol\u00f3gica normal y a disminuir el cansancio y la fatiga. Contribuyen al funcionamiento normal del sistema nervioso. Contiene vitamina B2 que contribuye a disminuir el cansancio y la fatiga.<\/p>\n","protected":false},"featured_media":2266,"comment_status":"open","ping_status":"closed","template":"","meta":{"_et_pb_use_builder":"","_et_pb_old_content":"","_et_gb_content_width":""},"product_brand":[],"product_cat":[17],"product_tag":[],"class_list":{"0":"post-2157","1":"product","2":"type-product","3":"status-publish","4":"has-post-thumbnail","6":"product_cat-sin-categorizar","8":"first","9":"instock","10":"shipping-taxable","11":"purchasable","12":"product-type-simple"},"aioseo_notices":[],"_links":{"self":[{"href":"https:\/\/herbolariodecorea.es\/index.php\/wp-json\/wp\/v2\/product\/2157","targetHints":{"allow":["GET"]}}],"collection":[{"href":"https:\/\/herbolariodecorea.es\/index.php\/wp-json\/wp\/v2\/product"}],"about":[{"href":"https:\/\/herbolariodecorea.es\/index.php\/wp-json\/wp\/v2\/types\/product"}],"replies":[{"embeddable":true,"href":"https:\/\/herbolariodecorea.es\/index.php\/wp-json\/wp\/v2\/comments?post=2157"}],"wp:featuredmedia":[{"embeddable":true,"href":"https:\/\/herbolariodecorea.es\/index.php\/wp-json\/wp\/v2\/media\/2266"}],"wp:attachment":[{"href":"https:\/\/herbolariodecorea.es\/index.php\/wp-json\/wp\/v2\/media?parent=2157"}],"wp:term":[{"taxonomy":"product_brand","embeddable":true,"href":"https:\/\/herbolariodecorea.es\/index.php\/wp-json\/wp\/v2\/product_brand?post=2157"},{"taxonomy":"product_cat","embeddable":true,"href":"https:\/\/herbolariodecorea.es\/index.php\/wp-json\/wp\/v2\/product_cat?post=2157"},{"taxonomy":"product_tag","embeddable":true,"href":"https:\/\/herbolariodecorea.es\/index.php\/wp-json\/wp\/v2\/product_tag?post=2157"}],"curies":[{"name":"wp","href":"https:\/\/api.w.org\/{rel}","templated":true}]}}