{"id":2160,"date":"2025-11-14T14:54:06","date_gmt":"2025-11-14T13:54:06","guid":{"rendered":"https:\/\/herbolariodecorea.es\/index.php\/producto\/vitamina-c-activ-1000-2020-comps-soria-natural\/"},"modified":"2026-03-09T13:36:19","modified_gmt":"2026-03-09T12:36:19","slug":"vitamina-c-activ-1000-2020-comps-soria-natural","status":"publish","type":"product","link":"https:\/\/herbolariodecorea.es\/index.php\/producto\/vitamina-c-activ-1000-2020-comps-soria-natural\/","title":{"rendered":"VITAMINA C-ACTIV 1000 20+20 COMPS. SORIA NATURAL"},"content":{"rendered":"<p>La mejor combinaci\u00f3n de Vitamina C. C-ACTIV con glutati\u00f3n (GSH) es un complemento alimenticio que combina dos presentaciones de vitamina C: COMPRIMIDO I : con 500 mg de Vitamina C Liposomal, m\u00e1s biodisponible.<\/p>\n<p>COMPRIMIDO II de liberaci\u00f3n sostenida con 500 mg de Vitamina C no \u00e1cida y 50 mg de glutati\u00f3n que protege y potencia la acci\u00f3n de la vitamina C. M\u00e1xima absorci\u00f3n. La vitamina C contribuye al funcionamiento normal del sistema inmunitario, tambi\u00e9n durante el ejercicio f\u00edsico intenso y despu\u00e9s de este. Adem\u00e1s, ayuda a disminuir el cansancio y la fatiga y mejora la absorci\u00f3n del hierro.<\/p>\n","protected":false},"excerpt":{"rendered":"<p>La mejor combinaci\u00f3n de Vitamina C. C-ACTIV con glutati\u00f3n (GSH) es un complemento alimenticio que combina dos presentaciones de vitamina C: COMPRIMIDO I : con 500 mg de Vitamina C Liposomal, m\u00e1s biodisponible.<\/p>\n","protected":false},"featured_media":2269,"comment_status":"open","ping_status":"closed","template":"","meta":{"_et_pb_use_builder":"","_et_pb_old_content":"","_et_gb_content_width":""},"product_brand":[],"product_cat":[22,17],"product_tag":[],"class_list":{"0":"post-2160","1":"product","2":"type-product","3":"status-publish","4":"has-post-thumbnail","6":"product_cat-en-oferta","7":"product_cat-sin-categorizar","9":"first","10":"instock","11":"sale","12":"shipping-taxable","13":"purchasable","14":"product-type-simple"},"aioseo_notices":[],"_links":{"self":[{"href":"https:\/\/herbolariodecorea.es\/index.php\/wp-json\/wp\/v2\/product\/2160","targetHints":{"allow":["GET"]}}],"collection":[{"href":"https:\/\/herbolariodecorea.es\/index.php\/wp-json\/wp\/v2\/product"}],"about":[{"href":"https:\/\/herbolariodecorea.es\/index.php\/wp-json\/wp\/v2\/types\/product"}],"replies":[{"embeddable":true,"href":"https:\/\/herbolariodecorea.es\/index.php\/wp-json\/wp\/v2\/comments?post=2160"}],"wp:featuredmedia":[{"embeddable":true,"href":"https:\/\/herbolariodecorea.es\/index.php\/wp-json\/wp\/v2\/media\/2269"}],"wp:attachment":[{"href":"https:\/\/herbolariodecorea.es\/index.php\/wp-json\/wp\/v2\/media?parent=2160"}],"wp:term":[{"taxonomy":"product_brand","embeddable":true,"href":"https:\/\/herbolariodecorea.es\/index.php\/wp-json\/wp\/v2\/product_brand?post=2160"},{"taxonomy":"product_cat","embeddable":true,"href":"https:\/\/herbolariodecorea.es\/index.php\/wp-json\/wp\/v2\/product_cat?post=2160"},{"taxonomy":"product_tag","embeddable":true,"href":"https:\/\/herbolariodecorea.es\/index.php\/wp-json\/wp\/v2\/product_tag?post=2160"}],"curies":[{"name":"wp","href":"https:\/\/api.w.org\/{rel}","templated":true}]}}