{"id":2161,"date":"2025-11-14T14:54:06","date_gmt":"2025-11-14T13:54:06","guid":{"rendered":"https:\/\/herbolariodecorea.es\/index.php\/producto\/vitamina-c-ret-30-comps-esi\/"},"modified":"2025-11-27T14:47:07","modified_gmt":"2025-11-27T13:47:07","slug":"vitamina-c-ret-30-comps-esi","status":"publish","type":"product","link":"https:\/\/herbolariodecorea.es\/index.php\/producto\/vitamina-c-ret-30-comps-esi\/","title":{"rendered":"VITAMINA C RET 30 COMPS ESI"},"content":{"rendered":"<p>VITAMINA C PURA RETARD es un complemento alimenticio con alta dosificaci\u00f3n de Vitamina C 1000 mg, una cantidad equivalente a la contenida en 2 Kg de naranjas. La f\u00f3rmula especial de VITAMINA C PURA RETARD permite una liberaci\u00f3n lenta, actuando durante 3 horas como fuente de Vitamina C. El organismo tiene as\u00ed el tiempo necesario para absorber la cantidad de Vitamina C necesaria. Modo de empleo: 1 al d\u00eda<\/p>\n","protected":false},"excerpt":{"rendered":"<p>VITAMINA C PURA RETARD es un complemento alimenticio con alta dosificaci\u00f3n de Vitamina C 1000 mg, una cantidad equivalente a la contenida en 2 Kg de naranjas. La f\u00f3rmula especial de VITAMINA C PURA RETARD permite una liberaci\u00f3n lenta, actuando durante 3 horas como fuente de Vitamina C. El organismo tiene as\u00ed el tiempo necesario para absorber la cantidad de Vitamina C necesaria. Modo de empleo: 1 al d\u00eda<\/p>\n","protected":false},"featured_media":2270,"comment_status":"open","ping_status":"closed","template":"","meta":{"_et_pb_use_builder":"","_et_pb_old_content":"","_et_gb_content_width":""},"product_brand":[],"product_cat":[17],"product_tag":[],"class_list":{"0":"post-2161","1":"product","2":"type-product","3":"status-publish","4":"has-post-thumbnail","6":"product_cat-sin-categorizar","8":"first","9":"instock","10":"shipping-taxable","11":"purchasable","12":"product-type-simple"},"aioseo_notices":[],"_links":{"self":[{"href":"https:\/\/herbolariodecorea.es\/index.php\/wp-json\/wp\/v2\/product\/2161","targetHints":{"allow":["GET"]}}],"collection":[{"href":"https:\/\/herbolariodecorea.es\/index.php\/wp-json\/wp\/v2\/product"}],"about":[{"href":"https:\/\/herbolariodecorea.es\/index.php\/wp-json\/wp\/v2\/types\/product"}],"replies":[{"embeddable":true,"href":"https:\/\/herbolariodecorea.es\/index.php\/wp-json\/wp\/v2\/comments?post=2161"}],"wp:featuredmedia":[{"embeddable":true,"href":"https:\/\/herbolariodecorea.es\/index.php\/wp-json\/wp\/v2\/media\/2270"}],"wp:attachment":[{"href":"https:\/\/herbolariodecorea.es\/index.php\/wp-json\/wp\/v2\/media?parent=2161"}],"wp:term":[{"taxonomy":"product_brand","embeddable":true,"href":"https:\/\/herbolariodecorea.es\/index.php\/wp-json\/wp\/v2\/product_brand?post=2161"},{"taxonomy":"product_cat","embeddable":true,"href":"https:\/\/herbolariodecorea.es\/index.php\/wp-json\/wp\/v2\/product_cat?post=2161"},{"taxonomy":"product_tag","embeddable":true,"href":"https:\/\/herbolariodecorea.es\/index.php\/wp-json\/wp\/v2\/product_tag?post=2161"}],"curies":[{"name":"wp","href":"https:\/\/api.w.org\/{rel}","templated":true}]}}