{"id":2165,"date":"2025-11-14T14:54:07","date_gmt":"2025-11-14T13:54:07","guid":{"rendered":"https:\/\/herbolariodecorea.es\/index.php\/producto\/vitalossea-colagenpro-30-comps-derbos\/"},"modified":"2025-11-27T14:51:36","modified_gmt":"2025-11-27T13:51:36","slug":"vitalossea-colagenpro-30-comps-derbos","status":"publish","type":"product","link":"https:\/\/herbolariodecorea.es\/index.php\/producto\/vitalossea-colagenpro-30-comps-derbos\/","title":{"rendered":"VITALOSSEA COLAGENPRO 30 COMPS. DERB\u00d3S"},"content":{"rendered":"<p>Colgenpro Vitalossea de Derb\u00f3s es un complemento alimenticio con Col\u00e1geno tipo II que favorece la movilidad y la regeneraci\u00f3n articular. Muy indicado para artritis reumautoide. Colagenpro Vitalossea de Derb\u00f3s es un col\u00e1geno tipo II Hidrolizado, en comrpimidos, con Vitamina C, Manganeso, Glucosamina, \u00c1cido Hialur\u00f3nico y Probi\u00f3ticos. Perfecto para deportistas, personas mayores o cualquiera que tiene un problema con sus articulaciones, sino tambi\u00e9n porque nos hacen sentir bien por dentro y por fuera.<\/p>\n","protected":false},"excerpt":{"rendered":"<p>Colgenpro Vitalossea de Derb\u00f3s es un complemento alimenticio con Col\u00e1geno tipo II que favorece la movilidad y la regeneraci\u00f3n articular. Muy indicado para artritis reumautoide. Colagenpro Vitalossea de Derb\u00f3s es un col\u00e1geno tipo II Hidrolizado, en comrpimidos, con Vitamina C, Manganeso, Glucosamina, \u00c1cido Hialur\u00f3nico y Probi\u00f3ticos. Perfecto para deportistas, personas mayores o cualquiera que tiene un problema con sus articulaciones, sino tambi\u00e9n porque nos hacen sentir bien por dentro y por fuera.<\/p>\n","protected":false},"featured_media":2274,"comment_status":"open","ping_status":"closed","template":"","meta":{"_et_pb_use_builder":"","_et_pb_old_content":"","_et_gb_content_width":""},"product_brand":[],"product_cat":[17],"product_tag":[],"class_list":{"0":"post-2165","1":"product","2":"type-product","3":"status-publish","4":"has-post-thumbnail","6":"product_cat-sin-categorizar","8":"first","9":"instock","10":"shipping-taxable","11":"purchasable","12":"product-type-simple"},"aioseo_notices":[],"_links":{"self":[{"href":"https:\/\/herbolariodecorea.es\/index.php\/wp-json\/wp\/v2\/product\/2165","targetHints":{"allow":["GET"]}}],"collection":[{"href":"https:\/\/herbolariodecorea.es\/index.php\/wp-json\/wp\/v2\/product"}],"about":[{"href":"https:\/\/herbolariodecorea.es\/index.php\/wp-json\/wp\/v2\/types\/product"}],"replies":[{"embeddable":true,"href":"https:\/\/herbolariodecorea.es\/index.php\/wp-json\/wp\/v2\/comments?post=2165"}],"wp:featuredmedia":[{"embeddable":true,"href":"https:\/\/herbolariodecorea.es\/index.php\/wp-json\/wp\/v2\/media\/2274"}],"wp:attachment":[{"href":"https:\/\/herbolariodecorea.es\/index.php\/wp-json\/wp\/v2\/media?parent=2165"}],"wp:term":[{"taxonomy":"product_brand","embeddable":true,"href":"https:\/\/herbolariodecorea.es\/index.php\/wp-json\/wp\/v2\/product_brand?post=2165"},{"taxonomy":"product_cat","embeddable":true,"href":"https:\/\/herbolariodecorea.es\/index.php\/wp-json\/wp\/v2\/product_cat?post=2165"},{"taxonomy":"product_tag","embeddable":true,"href":"https:\/\/herbolariodecorea.es\/index.php\/wp-json\/wp\/v2\/product_tag?post=2165"}],"curies":[{"name":"wp","href":"https:\/\/api.w.org\/{rel}","templated":true}]}}